{"id":54,"date":"2023-10-20T11:10:04","date_gmt":"2023-10-20T11:10:04","guid":{"rendered":"https:\/\/fundacionvag.org\/?page_id=54"},"modified":"2023-10-24T12:51:30","modified_gmt":"2023-10-24T12:51:30","slug":"contacto","status":"publish","type":"page","link":"https:\/\/fundacionvag.org\/es_es\/contacto\/","title":{"rendered":"Contacto"},"content":{"rendered":"\n<p>M\u00f3vil <strong>+34 660 54 66 05<\/strong><\/p>\n\n\n\n<p>Correo electr\u00f3nico <a href=\"mailto:inform@fundacionvag.org\"><strong>inform@fundacionvag.org<\/strong><\/a><\/p>\n\n\n\n<p><\/p>\n","protected":false},"excerpt":{"rendered":"<p>M\u00f3vil +34 660 54 66 05 Correo electr\u00f3nico inform@fundacionvag.org<\/p>\n","protected":false},"author":1,"featured_media":0,"parent":0,"menu_order":0,"comment_status":"closed","ping_status":"closed","template":"","meta":{"footnotes":""},"class_list":["post-54","page","type-page","status-publish","hentry"],"yoast_head":"<!-- This site is optimized with the Yoast SEO plugin v21.5 - https:\/\/yoast.com\/wordpress\/plugins\/seo\/ -->\n<title>Contacto - Fundaci\u00f3n V\u00edctor Abughattas<\/title>\n<meta name=\"robots\" content=\"index, follow, max-snippet:-1, max-image-preview:large, max-video-preview:-1\" \/>\n<link rel=\"canonical\" href=\"https:\/\/fundacionvag.org\/es_es\/contacto\/\" \/>\n<meta property=\"og:locale\" content=\"es_ES\" \/>\n<meta property=\"og:type\" content=\"article\" \/>\n<meta property=\"og:title\" content=\"Contacto - Fundaci\u00f3n V\u00edctor Abughattas\" \/>\n<meta property=\"og:description\" content=\"M\u00f3vil +34 660 54 66 05 Correo electr\u00f3nico inform@fundacionvag.org\" \/>\n<meta property=\"og:url\" content=\"https:\/\/fundacionvag.org\/es_es\/contacto\/\" \/>\n<meta property=\"og:site_name\" content=\"Fundaci\u00f3n V\u00edctor Abughattas\" \/>\n<meta property=\"article:modified_time\" content=\"2023-10-24T12:51:30+00:00\" \/>\n<meta name=\"twitter:card\" content=\"summary_large_image\" \/>\n<script type=\"application\/ld+json\" class=\"yoast-schema-graph\">{\"@context\":\"https:\/\/schema.org\",\"@graph\":[{\"@type\":\"WebPage\",\"@id\":\"https:\/\/fundacionvag.org\/contacto\/\",\"url\":\"https:\/\/fundacionvag.org\/contacto\/\",\"name\":\"Contacto - Fundaci\u00f3n V\u00edctor Abughattas\",\"isPartOf\":{\"@id\":\"http:\/\/fundacionvag.org\/es_es\/#website\"},\"datePublished\":\"2023-10-20T11:10:04+00:00\",\"dateModified\":\"2023-10-24T12:51:30+00:00\",\"breadcrumb\":{\"@id\":\"https:\/\/fundacionvag.org\/contacto\/#breadcrumb\"},\"inLanguage\":\"es\",\"potentialAction\":[{\"@type\":\"ReadAction\",\"target\":[\"https:\/\/fundacionvag.org\/contacto\/\"]}]},{\"@type\":\"BreadcrumbList\",\"@id\":\"https:\/\/fundacionvag.org\/contacto\/#breadcrumb\",\"itemListElement\":[{\"@type\":\"ListItem\",\"position\":1,\"name\":\"Portada\",\"item\":\"https:\/\/fundacionvag.org\/\"},{\"@type\":\"ListItem\",\"position\":2,\"name\":\"Contacto\"}]},{\"@type\":\"WebSite\",\"@id\":\"http:\/\/fundacionvag.org\/es_es\/#website\",\"url\":\"http:\/\/fundacionvag.org\/es_es\/\",\"name\":\"Fundaci\u00f3n V\u00edctor Abughattas\",\"description\":\"\u201d Ayudas Programadas a Alumnos de Altas Capacidades.\u201d\",\"publisher\":{\"@id\":\"http:\/\/fundacionvag.org\/es_es\/#organization\"},\"potentialAction\":[{\"@type\":\"SearchAction\",\"target\":{\"@type\":\"EntryPoint\",\"urlTemplate\":\"http:\/\/fundacionvag.org\/es_es\/?s={search_term_string}\"},\"query-input\":\"required name=search_term_string\"}],\"inLanguage\":\"es\"},{\"@type\":\"Organization\",\"@id\":\"http:\/\/fundacionvag.org\/es_es\/#organization\",\"name\":\"Fundaci\u00f3n V\u00edctor Abughattas\",\"url\":\"http:\/\/fundacionvag.org\/es_es\/\",\"logo\":{\"@type\":\"ImageObject\",\"inLanguage\":\"es\",\"@id\":\"http:\/\/fundacionvag.org\/es_es\/#\/schema\/logo\/image\/\",\"url\":\"https:\/\/fundacionvag.org\/wp-content\/uploads\/2023\/10\/LOGO-PAG-WEB-texto-scaled.jpg\",\"contentUrl\":\"https:\/\/fundacionvag.org\/wp-content\/uploads\/2023\/10\/LOGO-PAG-WEB-texto-scaled.jpg\",\"width\":2560,\"height\":717,\"caption\":\"Fundaci\u00f3n V\u00edctor Abughattas\"},\"image\":{\"@id\":\"http:\/\/fundacionvag.org\/es_es\/#\/schema\/logo\/image\/\"}}]}<\/script>\n<!-- \/ Yoast SEO plugin. -->","yoast_head_json":{"title":"Contacto - Fundaci\u00f3n V\u00edctor Abughattas","robots":{"index":"index","follow":"follow","max-snippet":"max-snippet:-1","max-image-preview":"max-image-preview:large","max-video-preview":"max-video-preview:-1"},"canonical":"https:\/\/fundacionvag.org\/es_es\/contacto\/","og_locale":"es_ES","og_type":"article","og_title":"Contacto - Fundaci\u00f3n V\u00edctor Abughattas","og_description":"M\u00f3vil +34 660 54 66 05 Correo electr\u00f3nico inform@fundacionvag.org","og_url":"https:\/\/fundacionvag.org\/es_es\/contacto\/","og_site_name":"Fundaci\u00f3n V\u00edctor Abughattas","article_modified_time":"2023-10-24T12:51:30+00:00","twitter_card":"summary_large_image","schema":{"@context":"https:\/\/schema.org","@graph":[{"@type":"WebPage","@id":"https:\/\/fundacionvag.org\/contacto\/","url":"https:\/\/fundacionvag.org\/contacto\/","name":"Contacto - Fundaci\u00f3n V\u00edctor Abughattas","isPartOf":{"@id":"http:\/\/fundacionvag.org\/es_es\/#website"},"datePublished":"2023-10-20T11:10:04+00:00","dateModified":"2023-10-24T12:51:30+00:00","breadcrumb":{"@id":"https:\/\/fundacionvag.org\/contacto\/#breadcrumb"},"inLanguage":"es","potentialAction":[{"@type":"ReadAction","target":["https:\/\/fundacionvag.org\/contacto\/"]}]},{"@type":"BreadcrumbList","@id":"https:\/\/fundacionvag.org\/contacto\/#breadcrumb","itemListElement":[{"@type":"ListItem","position":1,"name":"Portada","item":"https:\/\/fundacionvag.org\/"},{"@type":"ListItem","position":2,"name":"Contacto"}]},{"@type":"WebSite","@id":"http:\/\/fundacionvag.org\/es_es\/#website","url":"http:\/\/fundacionvag.org\/es_es\/","name":"Fundaci\u00f3n V\u00edctor Abughattas","description":"\u201d Ayudas Programadas a Alumnos de Altas Capacidades.\u201d","publisher":{"@id":"http:\/\/fundacionvag.org\/es_es\/#organization"},"potentialAction":[{"@type":"SearchAction","target":{"@type":"EntryPoint","urlTemplate":"http:\/\/fundacionvag.org\/es_es\/?s={search_term_string}"},"query-input":"required name=search_term_string"}],"inLanguage":"es"},{"@type":"Organization","@id":"http:\/\/fundacionvag.org\/es_es\/#organization","name":"Fundaci\u00f3n V\u00edctor Abughattas","url":"http:\/\/fundacionvag.org\/es_es\/","logo":{"@type":"ImageObject","inLanguage":"es","@id":"http:\/\/fundacionvag.org\/es_es\/#\/schema\/logo\/image\/","url":"https:\/\/fundacionvag.org\/wp-content\/uploads\/2023\/10\/LOGO-PAG-WEB-texto-scaled.jpg","contentUrl":"https:\/\/fundacionvag.org\/wp-content\/uploads\/2023\/10\/LOGO-PAG-WEB-texto-scaled.jpg","width":2560,"height":717,"caption":"Fundaci\u00f3n V\u00edctor Abughattas"},"image":{"@id":"http:\/\/fundacionvag.org\/es_es\/#\/schema\/logo\/image\/"}}]}},"_links":{"self":[{"href":"https:\/\/fundacionvag.org\/es_es\/wp-json\/wp\/v2\/pages\/54","targetHints":{"allow":["GET"]}}],"collection":[{"href":"https:\/\/fundacionvag.org\/es_es\/wp-json\/wp\/v2\/pages"}],"about":[{"href":"https:\/\/fundacionvag.org\/es_es\/wp-json\/wp\/v2\/types\/page"}],"author":[{"embeddable":true,"href":"https:\/\/fundacionvag.org\/es_es\/wp-json\/wp\/v2\/users\/1"}],"replies":[{"embeddable":true,"href":"https:\/\/fundacionvag.org\/es_es\/wp-json\/wp\/v2\/comments?post=54"}],"version-history":[{"count":1,"href":"https:\/\/fundacionvag.org\/es_es\/wp-json\/wp\/v2\/pages\/54\/revisions"}],"predecessor-version":[{"id":55,"href":"https:\/\/fundacionvag.org\/es_es\/wp-json\/wp\/v2\/pages\/54\/revisions\/55"}],"wp:attachment":[{"href":"https:\/\/fundacionvag.org\/es_es\/wp-json\/wp\/v2\/media?parent=54"}],"curies":[{"name":"wp","href":"https:\/\/api.w.org\/{rel}","templated":true}]}}