{"id":44,"date":"2023-10-20T10:04:16","date_gmt":"2023-10-20T10:04:16","guid":{"rendered":"https:\/\/fundacionvag.org\/?page_id=44"},"modified":"2023-10-29T20:28:20","modified_gmt":"2023-10-29T20:28:20","slug":"principios-del-programa-de-la-fundacion","status":"publish","type":"page","link":"https:\/\/fundacionvag.org\/es_es\/principios-del-programa-de-la-fundacion\/","title":{"rendered":"Principios del programa"},"content":{"rendered":"\n<p><strong>1. <\/strong>El alumno de alta capacidad es la parte principal de su iniciativa de trabajo.<\/p>\n\n\n\n<p><strong>2.<\/strong> Crecimiento del entendimiento creativo bas\u00e1ndose la Fundaci\u00f3n en las teor\u00edas avanzadas de Renzulli, Sternberg, M\u00f6nks y Van Boxtel.<\/p>\n\n\n\n<p><strong>3.<\/strong> Refuerzo del acuerdo y motivaci\u00f3n en el desarrollo de sus deberes.<\/p>\n\n\n\n<p><strong>4.<\/strong> Creaci\u00f3n de nuevas interacciones y don de gentes apropiadas.<\/p>\n\n\n\n<p><strong>5.<\/strong> Creaci\u00f3n de m\u00e9todos indicados para la superaci\u00f3n del sentimiento de fracaso y la gesti\u00f3n de posibles errores que pueda cometer.<\/p>\n\n\n\n<figure class=\"wp-block-image size-large\"><img loading=\"lazy\" decoding=\"async\" width=\"1024\" height=\"292\" src=\"https:\/\/fundacionvag.org\/wp-content\/uploads\/2023\/10\/LIBRO-1024x292.jpg\" alt=\"\" class=\"wp-image-94\" srcset=\"https:\/\/fundacionvag.org\/wp-content\/uploads\/2023\/10\/LIBRO-1024x292.jpg 1024w, https:\/\/fundacionvag.org\/wp-content\/uploads\/2023\/10\/LIBRO-300x86.jpg 300w, https:\/\/fundacionvag.org\/wp-content\/uploads\/2023\/10\/LIBRO-768x219.jpg 768w, https:\/\/fundacionvag.org\/wp-content\/uploads\/2023\/10\/LIBRO-1536x438.jpg 1536w, https:\/\/fundacionvag.org\/wp-content\/uploads\/2023\/10\/LIBRO-2048x585.jpg 2048w\" sizes=\"auto, (max-width: 1024px) 100vw, 1024px\" \/><\/figure>\n","protected":false},"excerpt":{"rendered":"<p>1. El alumno de alta capacidad es la parte principal de su iniciativa de trabajo. 2. Crecimiento del entendimiento creativo bas\u00e1ndose la Fundaci\u00f3n en las teor\u00edas avanzadas de Renzulli, Sternberg, M\u00f6nks y Van Boxtel. 3. Refuerzo del acuerdo y motivaci\u00f3n en el desarrollo de sus deberes. 4. Creaci\u00f3n de nuevas interacciones y don de gentes apropiadas. 5. Creaci\u00f3n de m\u00e9todos indicados para la superaci\u00f3n del sentimiento de fracaso y la gesti\u00f3n de posibles errores que pueda cometer.<\/p>\n","protected":false},"author":1,"featured_media":0,"parent":0,"menu_order":0,"comment_status":"closed","ping_status":"closed","template":"","meta":{"footnotes":""},"class_list":["post-44","page","type-page","status-publish","hentry"],"yoast_head":"<!-- This site is optimized with the Yoast SEO plugin v21.5 - https:\/\/yoast.com\/wordpress\/plugins\/seo\/ -->\n<title>Principios del programa - Fundaci\u00f3n V\u00edctor Abughattas<\/title>\n<meta name=\"robots\" content=\"index, follow, max-snippet:-1, max-image-preview:large, max-video-preview:-1\" \/>\n<link rel=\"canonical\" href=\"https:\/\/fundacionvag.org\/es_es\/principios-del-programa-de-la-fundacion\/\" \/>\n<meta property=\"og:locale\" content=\"es_ES\" \/>\n<meta property=\"og:type\" content=\"article\" \/>\n<meta property=\"og:title\" content=\"Principios del programa - Fundaci\u00f3n V\u00edctor Abughattas\" \/>\n<meta property=\"og:description\" content=\"1. El alumno de alta capacidad es la parte principal de su iniciativa de trabajo. 2. Crecimiento del entendimiento creativo bas\u00e1ndose la Fundaci\u00f3n en las teor\u00edas avanzadas de Renzulli, Sternberg, M\u00f6nks y Van Boxtel. 3. Refuerzo del acuerdo y motivaci\u00f3n en el desarrollo de sus deberes. 4. Creaci\u00f3n de nuevas interacciones y don de gentes apropiadas. 5. Creaci\u00f3n de m\u00e9todos indicados para la superaci\u00f3n del sentimiento de fracaso y la gesti\u00f3n de posibles errores que pueda cometer.\" \/>\n<meta property=\"og:url\" content=\"https:\/\/fundacionvag.org\/es_es\/principios-del-programa-de-la-fundacion\/\" \/>\n<meta property=\"og:site_name\" content=\"Fundaci\u00f3n V\u00edctor Abughattas\" \/>\n<meta property=\"article:modified_time\" content=\"2023-10-29T20:28:20+00:00\" \/>\n<meta property=\"og:image\" content=\"https:\/\/fundacionvag.org\/wp-content\/uploads\/2023\/10\/LIBRO-1024x292.jpg\" \/>\n<meta name=\"twitter:card\" content=\"summary_large_image\" \/>\n<script type=\"application\/ld+json\" class=\"yoast-schema-graph\">{\"@context\":\"https:\/\/schema.org\",\"@graph\":[{\"@type\":\"WebPage\",\"@id\":\"https:\/\/fundacionvag.org\/es_es\/principios-del-programa-de-la-fundacion\/\",\"url\":\"https:\/\/fundacionvag.org\/es_es\/principios-del-programa-de-la-fundacion\/\",\"name\":\"Principios del programa - Fundaci\u00f3n V\u00edctor Abughattas\",\"isPartOf\":{\"@id\":\"http:\/\/fundacionvag.org\/es_es\/#website\"},\"datePublished\":\"2023-10-20T10:04:16+00:00\",\"dateModified\":\"2023-10-29T20:28:20+00:00\",\"breadcrumb\":{\"@id\":\"https:\/\/fundacionvag.org\/es_es\/principios-del-programa-de-la-fundacion\/#breadcrumb\"},\"inLanguage\":\"es\",\"potentialAction\":[{\"@type\":\"ReadAction\",\"target\":[\"https:\/\/fundacionvag.org\/es_es\/principios-del-programa-de-la-fundacion\/\"]}]},{\"@type\":\"BreadcrumbList\",\"@id\":\"https:\/\/fundacionvag.org\/es_es\/principios-del-programa-de-la-fundacion\/#breadcrumb\",\"itemListElement\":[{\"@type\":\"ListItem\",\"position\":1,\"name\":\"Portada\",\"item\":\"https:\/\/fundacionvag.org\/\"},{\"@type\":\"ListItem\",\"position\":2,\"name\":\"Principios del programa\"}]},{\"@type\":\"WebSite\",\"@id\":\"http:\/\/fundacionvag.org\/es_es\/#website\",\"url\":\"http:\/\/fundacionvag.org\/es_es\/\",\"name\":\"Fundaci\u00f3n V\u00edctor Abughattas\",\"description\":\"\u201d Ayudas Programadas a Alumnos de Altas Capacidades.\u201d\",\"publisher\":{\"@id\":\"http:\/\/fundacionvag.org\/es_es\/#organization\"},\"potentialAction\":[{\"@type\":\"SearchAction\",\"target\":{\"@type\":\"EntryPoint\",\"urlTemplate\":\"http:\/\/fundacionvag.org\/es_es\/?s={search_term_string}\"},\"query-input\":\"required name=search_term_string\"}],\"inLanguage\":\"es\"},{\"@type\":\"Organization\",\"@id\":\"http:\/\/fundacionvag.org\/es_es\/#organization\",\"name\":\"Fundaci\u00f3n V\u00edctor Abughattas\",\"url\":\"http:\/\/fundacionvag.org\/es_es\/\",\"logo\":{\"@type\":\"ImageObject\",\"inLanguage\":\"es\",\"@id\":\"http:\/\/fundacionvag.org\/es_es\/#\/schema\/logo\/image\/\",\"url\":\"https:\/\/fundacionvag.org\/wp-content\/uploads\/2023\/10\/LOGO-PAG-WEB-texto-scaled.jpg\",\"contentUrl\":\"https:\/\/fundacionvag.org\/wp-content\/uploads\/2023\/10\/LOGO-PAG-WEB-texto-scaled.jpg\",\"width\":2560,\"height\":717,\"caption\":\"Fundaci\u00f3n V\u00edctor Abughattas\"},\"image\":{\"@id\":\"http:\/\/fundacionvag.org\/es_es\/#\/schema\/logo\/image\/\"}}]}<\/script>\n<!-- \/ Yoast SEO plugin. -->","yoast_head_json":{"title":"Principios del programa - Fundaci\u00f3n V\u00edctor Abughattas","robots":{"index":"index","follow":"follow","max-snippet":"max-snippet:-1","max-image-preview":"max-image-preview:large","max-video-preview":"max-video-preview:-1"},"canonical":"https:\/\/fundacionvag.org\/es_es\/principios-del-programa-de-la-fundacion\/","og_locale":"es_ES","og_type":"article","og_title":"Principios del programa - Fundaci\u00f3n V\u00edctor Abughattas","og_description":"1. El alumno de alta capacidad es la parte principal de su iniciativa de trabajo. 2. Crecimiento del entendimiento creativo bas\u00e1ndose la Fundaci\u00f3n en las teor\u00edas avanzadas de Renzulli, Sternberg, M\u00f6nks y Van Boxtel. 3. Refuerzo del acuerdo y motivaci\u00f3n en el desarrollo de sus deberes. 4. Creaci\u00f3n de nuevas interacciones y don de gentes apropiadas. 5. Creaci\u00f3n de m\u00e9todos indicados para la superaci\u00f3n del sentimiento de fracaso y la gesti\u00f3n de posibles errores que pueda cometer.","og_url":"https:\/\/fundacionvag.org\/es_es\/principios-del-programa-de-la-fundacion\/","og_site_name":"Fundaci\u00f3n V\u00edctor Abughattas","article_modified_time":"2023-10-29T20:28:20+00:00","og_image":[{"url":"https:\/\/fundacionvag.org\/wp-content\/uploads\/2023\/10\/LIBRO-1024x292.jpg"}],"twitter_card":"summary_large_image","schema":{"@context":"https:\/\/schema.org","@graph":[{"@type":"WebPage","@id":"https:\/\/fundacionvag.org\/es_es\/principios-del-programa-de-la-fundacion\/","url":"https:\/\/fundacionvag.org\/es_es\/principios-del-programa-de-la-fundacion\/","name":"Principios del programa - Fundaci\u00f3n V\u00edctor Abughattas","isPartOf":{"@id":"http:\/\/fundacionvag.org\/es_es\/#website"},"datePublished":"2023-10-20T10:04:16+00:00","dateModified":"2023-10-29T20:28:20+00:00","breadcrumb":{"@id":"https:\/\/fundacionvag.org\/es_es\/principios-del-programa-de-la-fundacion\/#breadcrumb"},"inLanguage":"es","potentialAction":[{"@type":"ReadAction","target":["https:\/\/fundacionvag.org\/es_es\/principios-del-programa-de-la-fundacion\/"]}]},{"@type":"BreadcrumbList","@id":"https:\/\/fundacionvag.org\/es_es\/principios-del-programa-de-la-fundacion\/#breadcrumb","itemListElement":[{"@type":"ListItem","position":1,"name":"Portada","item":"https:\/\/fundacionvag.org\/"},{"@type":"ListItem","position":2,"name":"Principios del programa"}]},{"@type":"WebSite","@id":"http:\/\/fundacionvag.org\/es_es\/#website","url":"http:\/\/fundacionvag.org\/es_es\/","name":"Fundaci\u00f3n V\u00edctor Abughattas","description":"\u201d Ayudas Programadas a Alumnos de Altas Capacidades.\u201d","publisher":{"@id":"http:\/\/fundacionvag.org\/es_es\/#organization"},"potentialAction":[{"@type":"SearchAction","target":{"@type":"EntryPoint","urlTemplate":"http:\/\/fundacionvag.org\/es_es\/?s={search_term_string}"},"query-input":"required name=search_term_string"}],"inLanguage":"es"},{"@type":"Organization","@id":"http:\/\/fundacionvag.org\/es_es\/#organization","name":"Fundaci\u00f3n V\u00edctor Abughattas","url":"http:\/\/fundacionvag.org\/es_es\/","logo":{"@type":"ImageObject","inLanguage":"es","@id":"http:\/\/fundacionvag.org\/es_es\/#\/schema\/logo\/image\/","url":"https:\/\/fundacionvag.org\/wp-content\/uploads\/2023\/10\/LOGO-PAG-WEB-texto-scaled.jpg","contentUrl":"https:\/\/fundacionvag.org\/wp-content\/uploads\/2023\/10\/LOGO-PAG-WEB-texto-scaled.jpg","width":2560,"height":717,"caption":"Fundaci\u00f3n V\u00edctor Abughattas"},"image":{"@id":"http:\/\/fundacionvag.org\/es_es\/#\/schema\/logo\/image\/"}}]}},"_links":{"self":[{"href":"https:\/\/fundacionvag.org\/es_es\/wp-json\/wp\/v2\/pages\/44","targetHints":{"allow":["GET"]}}],"collection":[{"href":"https:\/\/fundacionvag.org\/es_es\/wp-json\/wp\/v2\/pages"}],"about":[{"href":"https:\/\/fundacionvag.org\/es_es\/wp-json\/wp\/v2\/types\/page"}],"author":[{"embeddable":true,"href":"https:\/\/fundacionvag.org\/es_es\/wp-json\/wp\/v2\/users\/1"}],"replies":[{"embeddable":true,"href":"https:\/\/fundacionvag.org\/es_es\/wp-json\/wp\/v2\/comments?post=44"}],"version-history":[{"count":5,"href":"https:\/\/fundacionvag.org\/es_es\/wp-json\/wp\/v2\/pages\/44\/revisions"}],"predecessor-version":[{"id":238,"href":"https:\/\/fundacionvag.org\/es_es\/wp-json\/wp\/v2\/pages\/44\/revisions\/238"}],"wp:attachment":[{"href":"https:\/\/fundacionvag.org\/es_es\/wp-json\/wp\/v2\/media?parent=44"}],"curies":[{"name":"wp","href":"https:\/\/api.w.org\/{rel}","templated":true}]}}