{"id":39,"date":"2023-10-20T09:56:58","date_gmt":"2023-10-20T09:56:58","guid":{"rendered":"https:\/\/fundacionvag.org\/?page_id=39"},"modified":"2023-11-29T13:05:45","modified_gmt":"2023-11-29T13:05:45","slug":"objetivos-de-la-fundacion","status":"publish","type":"page","link":"https:\/\/fundacionvag.org\/es_es\/objetivos-de-la-fundacion\/","title":{"rendered":"Objetivos"},"content":{"rendered":"\n<p><strong>Fines y actividades.<\/strong><\/p>\n\n\n\n<p><strong><em>La Fundaci\u00f3n persigue los siguientes fines:<\/em><\/strong><\/p>\n\n\n\n<ol class=\"wp-block-list\" style=\"list-style-type:1\">\n<li>Promover una educaci\u00f3n adecuada a las personas con Altas Capacidades.<\/li>\n\n\n\n<li>Favorecer una adecuada formaci\u00f3n a padres, tutores, educadores y dem\u00e1s profesionales vinculados con el tema, para una mejor comprensi\u00f3n y tratamiento de las personas con Altas Capacidades.<\/li>\n\n\n\n<li>Potenciar las investigaciones en Altas Capacidades.<\/li>\n\n\n\n<li>Procurar la integraci\u00f3n de las personas con Altas Capacidades en su entorno social.<\/li>\n\n\n\n<li>Promover la mejora de calidad de vida de los asociados a todos los niveles, tanto educacional, cultural, deportivo y social.<\/li>\n\n\n\n<li>La asistencia, integraci\u00f3n e inclusi\u00f3n social y laboral de colectivos desfavorecidos por encontrarse en riesgo o situaci\u00f3n de exclusi\u00f3n social por el motivo que fuere (discapacidad, g\u00e9nero, cultura, raza, educaci\u00f3n, etc.).<\/li>\n<\/ol>\n\n\n<div class=\"wp-block-image\">\n<figure class=\"aligncenter size-large is-resized\"><img loading=\"lazy\" decoding=\"async\" width=\"1024\" height=\"703\" src=\"https:\/\/fundacionvag.org\/wp-content\/uploads\/2023\/10\/NINA-Y-NINO-LEYENDO-1024x703.jpg\" alt=\"\" class=\"wp-image-60\" style=\"aspect-ratio:1.4566145092460883;width:406px;height:auto\" srcset=\"https:\/\/fundacionvag.org\/wp-content\/uploads\/2023\/10\/NINA-Y-NINO-LEYENDO-1024x703.jpg 1024w, https:\/\/fundacionvag.org\/wp-content\/uploads\/2023\/10\/NINA-Y-NINO-LEYENDO-300x206.jpg 300w, https:\/\/fundacionvag.org\/wp-content\/uploads\/2023\/10\/NINA-Y-NINO-LEYENDO-768x527.jpg 768w, https:\/\/fundacionvag.org\/wp-content\/uploads\/2023\/10\/NINA-Y-NINO-LEYENDO-1536x1054.jpg 1536w, https:\/\/fundacionvag.org\/wp-content\/uploads\/2023\/10\/NINA-Y-NINO-LEYENDO.jpg 1693w\" sizes=\"auto, (max-width: 1024px) 100vw, 1024px\" \/><\/figure>\n<\/div>\n\n\n<p><strong><em>Para el mejor cumplimiento de sus fines, la Fundaci\u00f3n puede realizar, entre otras, las siguientes actividades:<\/em><\/strong><\/p>\n\n\n\n<ol class=\"wp-block-list\" style=\"list-style-type:lower-alpha\">\n<li>Recabar el asesoramiento de los profesionales relacionados con la educaci\u00f3n de las personas dotadas de Altas Capacidades.<\/li>\n\n\n\n<li>Actuar como interlocutor ante aquellos organismos de cuyas actuaciones pueda depender el futuro de la educaci\u00f3n de los alumnos de Altas Capacidades.<\/li>\n\n\n\n<li>Obtener los fondos que posibiliten la educaci\u00f3n y desarrollo de los ni\u00f1os con Altas Capacidades.<\/li>\n\n\n\n<li>Realizar cursos, seminarios, jornadas, conferencias, o cualquier otra actividad formativa dirigida a profesionales, docentes, o a cualquier persona interesada.<\/li>\n\n\n\n<li>Organizar exposiciones, talleres (de artes pl\u00e1sticas, esc\u00e9nicas, \u2026).<\/li>\n\n\n\n<li>Fomentar la pr\u00e1ctica deportiva con actividades de creaci\u00f3n y formaci\u00f3n de equipos que participen en competiciones federadas.<\/li>\n\n\n\n<li>Organizar y promover de toda clase de cursos y programas de formaci\u00f3n y capacitaci\u00f3n laboral y profesional dirigidos a personas en riesgo o en situaci\u00f3n de exclusi\u00f3n social.<\/li>\n\n\n\n<li>Organizar eventos relacionados con los fines de la Fundaci\u00f3n.<\/li>\n\n\n\n<li>Conceder becas de estudio para j\u00f3venes sin recursos.<\/li>\n\n\n\n<li>Promover y apoyar a organizaciones involucradas en la defensa de las personas en riesgo de exclusi\u00f3n social que, a juicio del Patronato, resulten afines con los objetivos de la Fundaci\u00f3n.<\/li>\n\n\n\n<li>Cualesquiera otras actividades destinadas al cumplimiento de los fines de la Fundaci\u00f3n, de conformidad con la planificaci\u00f3n que realice el Patronato, as\u00ed como la realizaci\u00f3n de todas las actividades accesorias o complementarias a las anteriores.<\/li>\n<\/ol>\n\n\n<div class=\"wp-block-image\">\n<figure class=\"aligncenter size-large is-resized\"><img loading=\"lazy\" decoding=\"async\" width=\"1024\" height=\"776\" src=\"https:\/\/fundacionvag.org\/wp-content\/uploads\/2023\/10\/NINO-EN-SILLA-1024x776.jpg\" alt=\"\" class=\"wp-image-89\" style=\"aspect-ratio:1.3195876288659794;width:478px;height:auto\" srcset=\"https:\/\/fundacionvag.org\/wp-content\/uploads\/2023\/10\/NINO-EN-SILLA-1024x776.jpg 1024w, https:\/\/fundacionvag.org\/wp-content\/uploads\/2023\/10\/NINO-EN-SILLA-300x227.jpg 300w, https:\/\/fundacionvag.org\/wp-content\/uploads\/2023\/10\/NINO-EN-SILLA-768x582.jpg 768w, https:\/\/fundacionvag.org\/wp-content\/uploads\/2023\/10\/NINO-EN-SILLA-1536x1164.jpg 1536w, https:\/\/fundacionvag.org\/wp-content\/uploads\/2023\/10\/NINO-EN-SILLA-2048x1552.jpg 2048w\" sizes=\"auto, (max-width: 1024px) 100vw, 1024px\" \/><\/figure>\n<\/div>","protected":false},"excerpt":{"rendered":"<p>Fines y actividades. La Fundaci\u00f3n persigue los siguientes fines: Para el mejor cumplimiento de sus fines, la Fundaci\u00f3n puede realizar, entre otras, las siguientes actividades:<\/p>\n","protected":false},"author":1,"featured_media":0,"parent":0,"menu_order":0,"comment_status":"closed","ping_status":"closed","template":"","meta":{"footnotes":""},"class_list":["post-39","page","type-page","status-publish","hentry"],"yoast_head":"<!-- This site is optimized with the Yoast SEO plugin v21.5 - https:\/\/yoast.com\/wordpress\/plugins\/seo\/ -->\n<title>Objetivos - Fundaci\u00f3n V\u00edctor Abughattas<\/title>\n<meta name=\"robots\" content=\"index, follow, max-snippet:-1, max-image-preview:large, max-video-preview:-1\" \/>\n<link rel=\"canonical\" href=\"https:\/\/fundacionvag.org\/es_es\/objetivos-de-la-fundacion\/\" \/>\n<meta property=\"og:locale\" content=\"es_ES\" \/>\n<meta property=\"og:type\" content=\"article\" \/>\n<meta property=\"og:title\" content=\"Objetivos - Fundaci\u00f3n V\u00edctor Abughattas\" \/>\n<meta property=\"og:description\" content=\"Fines y actividades. La Fundaci\u00f3n persigue los siguientes fines: Para el mejor cumplimiento de sus fines, la Fundaci\u00f3n puede realizar, entre otras, las siguientes actividades:\" \/>\n<meta property=\"og:url\" content=\"https:\/\/fundacionvag.org\/es_es\/objetivos-de-la-fundacion\/\" \/>\n<meta property=\"og:site_name\" content=\"Fundaci\u00f3n V\u00edctor Abughattas\" \/>\n<meta property=\"article:modified_time\" content=\"2023-11-29T13:05:45+00:00\" \/>\n<meta property=\"og:image\" content=\"https:\/\/fundacionvag.org\/wp-content\/uploads\/2023\/10\/NINA-Y-NINO-LEYENDO-1024x703.jpg\" \/>\n<meta name=\"twitter:card\" content=\"summary_large_image\" \/>\n<meta name=\"twitter:label1\" content=\"Tiempo de lectura\" \/>\n\t<meta name=\"twitter:data1\" content=\"2 minutos\" \/>\n<script type=\"application\/ld+json\" class=\"yoast-schema-graph\">{\"@context\":\"https:\/\/schema.org\",\"@graph\":[{\"@type\":\"WebPage\",\"@id\":\"https:\/\/fundacionvag.org\/objetivos-de-la-fundacion\/\",\"url\":\"https:\/\/fundacionvag.org\/objetivos-de-la-fundacion\/\",\"name\":\"Objetivos - Fundaci\u00f3n V\u00edctor Abughattas\",\"isPartOf\":{\"@id\":\"http:\/\/fundacionvag.org\/es_es\/#website\"},\"datePublished\":\"2023-10-20T09:56:58+00:00\",\"dateModified\":\"2023-11-29T13:05:45+00:00\",\"breadcrumb\":{\"@id\":\"https:\/\/fundacionvag.org\/objetivos-de-la-fundacion\/#breadcrumb\"},\"inLanguage\":\"es\",\"potentialAction\":[{\"@type\":\"ReadAction\",\"target\":[\"https:\/\/fundacionvag.org\/objetivos-de-la-fundacion\/\"]}]},{\"@type\":\"BreadcrumbList\",\"@id\":\"https:\/\/fundacionvag.org\/objetivos-de-la-fundacion\/#breadcrumb\",\"itemListElement\":[{\"@type\":\"ListItem\",\"position\":1,\"name\":\"Portada\",\"item\":\"https:\/\/fundacionvag.org\/\"},{\"@type\":\"ListItem\",\"position\":2,\"name\":\"Objetivos\"}]},{\"@type\":\"WebSite\",\"@id\":\"http:\/\/fundacionvag.org\/es_es\/#website\",\"url\":\"http:\/\/fundacionvag.org\/es_es\/\",\"name\":\"Fundaci\u00f3n V\u00edctor Abughattas\",\"description\":\"\u201d Ayudas Programadas a Alumnos de Altas Capacidades.\u201d\",\"publisher\":{\"@id\":\"http:\/\/fundacionvag.org\/es_es\/#organization\"},\"potentialAction\":[{\"@type\":\"SearchAction\",\"target\":{\"@type\":\"EntryPoint\",\"urlTemplate\":\"http:\/\/fundacionvag.org\/es_es\/?s={search_term_string}\"},\"query-input\":\"required name=search_term_string\"}],\"inLanguage\":\"es\"},{\"@type\":\"Organization\",\"@id\":\"http:\/\/fundacionvag.org\/es_es\/#organization\",\"name\":\"Fundaci\u00f3n V\u00edctor Abughattas\",\"url\":\"http:\/\/fundacionvag.org\/es_es\/\",\"logo\":{\"@type\":\"ImageObject\",\"inLanguage\":\"es\",\"@id\":\"http:\/\/fundacionvag.org\/es_es\/#\/schema\/logo\/image\/\",\"url\":\"https:\/\/fundacionvag.org\/wp-content\/uploads\/2023\/10\/LOGO-PAG-WEB-texto-scaled.jpg\",\"contentUrl\":\"https:\/\/fundacionvag.org\/wp-content\/uploads\/2023\/10\/LOGO-PAG-WEB-texto-scaled.jpg\",\"width\":2560,\"height\":717,\"caption\":\"Fundaci\u00f3n V\u00edctor Abughattas\"},\"image\":{\"@id\":\"http:\/\/fundacionvag.org\/es_es\/#\/schema\/logo\/image\/\"}}]}<\/script>\n<!-- \/ Yoast SEO plugin. -->","yoast_head_json":{"title":"Objetivos - Fundaci\u00f3n V\u00edctor Abughattas","robots":{"index":"index","follow":"follow","max-snippet":"max-snippet:-1","max-image-preview":"max-image-preview:large","max-video-preview":"max-video-preview:-1"},"canonical":"https:\/\/fundacionvag.org\/es_es\/objetivos-de-la-fundacion\/","og_locale":"es_ES","og_type":"article","og_title":"Objetivos - Fundaci\u00f3n V\u00edctor Abughattas","og_description":"Fines y actividades. La Fundaci\u00f3n persigue los siguientes fines: Para el mejor cumplimiento de sus fines, la Fundaci\u00f3n puede realizar, entre otras, las siguientes actividades:","og_url":"https:\/\/fundacionvag.org\/es_es\/objetivos-de-la-fundacion\/","og_site_name":"Fundaci\u00f3n V\u00edctor Abughattas","article_modified_time":"2023-11-29T13:05:45+00:00","og_image":[{"url":"https:\/\/fundacionvag.org\/wp-content\/uploads\/2023\/10\/NINA-Y-NINO-LEYENDO-1024x703.jpg"}],"twitter_card":"summary_large_image","twitter_misc":{"Tiempo de lectura":"2 minutos"},"schema":{"@context":"https:\/\/schema.org","@graph":[{"@type":"WebPage","@id":"https:\/\/fundacionvag.org\/objetivos-de-la-fundacion\/","url":"https:\/\/fundacionvag.org\/objetivos-de-la-fundacion\/","name":"Objetivos - Fundaci\u00f3n V\u00edctor Abughattas","isPartOf":{"@id":"http:\/\/fundacionvag.org\/es_es\/#website"},"datePublished":"2023-10-20T09:56:58+00:00","dateModified":"2023-11-29T13:05:45+00:00","breadcrumb":{"@id":"https:\/\/fundacionvag.org\/objetivos-de-la-fundacion\/#breadcrumb"},"inLanguage":"es","potentialAction":[{"@type":"ReadAction","target":["https:\/\/fundacionvag.org\/objetivos-de-la-fundacion\/"]}]},{"@type":"BreadcrumbList","@id":"https:\/\/fundacionvag.org\/objetivos-de-la-fundacion\/#breadcrumb","itemListElement":[{"@type":"ListItem","position":1,"name":"Portada","item":"https:\/\/fundacionvag.org\/"},{"@type":"ListItem","position":2,"name":"Objetivos"}]},{"@type":"WebSite","@id":"http:\/\/fundacionvag.org\/es_es\/#website","url":"http:\/\/fundacionvag.org\/es_es\/","name":"Fundaci\u00f3n V\u00edctor Abughattas","description":"\u201d Ayudas Programadas a Alumnos de Altas Capacidades.\u201d","publisher":{"@id":"http:\/\/fundacionvag.org\/es_es\/#organization"},"potentialAction":[{"@type":"SearchAction","target":{"@type":"EntryPoint","urlTemplate":"http:\/\/fundacionvag.org\/es_es\/?s={search_term_string}"},"query-input":"required name=search_term_string"}],"inLanguage":"es"},{"@type":"Organization","@id":"http:\/\/fundacionvag.org\/es_es\/#organization","name":"Fundaci\u00f3n V\u00edctor Abughattas","url":"http:\/\/fundacionvag.org\/es_es\/","logo":{"@type":"ImageObject","inLanguage":"es","@id":"http:\/\/fundacionvag.org\/es_es\/#\/schema\/logo\/image\/","url":"https:\/\/fundacionvag.org\/wp-content\/uploads\/2023\/10\/LOGO-PAG-WEB-texto-scaled.jpg","contentUrl":"https:\/\/fundacionvag.org\/wp-content\/uploads\/2023\/10\/LOGO-PAG-WEB-texto-scaled.jpg","width":2560,"height":717,"caption":"Fundaci\u00f3n V\u00edctor Abughattas"},"image":{"@id":"http:\/\/fundacionvag.org\/es_es\/#\/schema\/logo\/image\/"}}]}},"_links":{"self":[{"href":"https:\/\/fundacionvag.org\/es_es\/wp-json\/wp\/v2\/pages\/39","targetHints":{"allow":["GET"]}}],"collection":[{"href":"https:\/\/fundacionvag.org\/es_es\/wp-json\/wp\/v2\/pages"}],"about":[{"href":"https:\/\/fundacionvag.org\/es_es\/wp-json\/wp\/v2\/types\/page"}],"author":[{"embeddable":true,"href":"https:\/\/fundacionvag.org\/es_es\/wp-json\/wp\/v2\/users\/1"}],"replies":[{"embeddable":true,"href":"https:\/\/fundacionvag.org\/es_es\/wp-json\/wp\/v2\/comments?post=39"}],"version-history":[{"count":8,"href":"https:\/\/fundacionvag.org\/es_es\/wp-json\/wp\/v2\/pages\/39\/revisions"}],"predecessor-version":[{"id":271,"href":"https:\/\/fundacionvag.org\/es_es\/wp-json\/wp\/v2\/pages\/39\/revisions\/271"}],"wp:attachment":[{"href":"https:\/\/fundacionvag.org\/es_es\/wp-json\/wp\/v2\/media?parent=39"}],"curies":[{"name":"wp","href":"https:\/\/api.w.org\/{rel}","templated":true}]}}