{"id":213,"date":"2023-10-27T15:34:37","date_gmt":"2023-10-27T15:34:37","guid":{"rendered":"https:\/\/fundacionvag.org\/?page_id=213"},"modified":"2023-11-29T13:10:03","modified_gmt":"2023-11-29T13:10:03","slug":"inicio","status":"publish","type":"page","link":"https:\/\/fundacionvag.org\/es_es\/","title":{"rendered":"Inicio"},"content":{"rendered":"\n<p class=\"has-text-align-center\">La Fundaci\u00f3n V\u00edctor Abughattas nace para ofrecer servicios voluntarios y gratuitos a sus alumnos.<\/p>\n\n\n<div class=\"wp-block-image\">\n<figure class=\"aligncenter size-full is-resized\"><img loading=\"lazy\" decoding=\"async\" width=\"886\" height=\"715\" src=\"https:\/\/fundacionvag.org\/wp-content\/uploads\/2023\/10\/CIRCULOS-P.jpg\" alt=\"\" class=\"wp-image-195\" style=\"aspect-ratio:1.239160839160839;width:630px;height:auto\" srcset=\"https:\/\/fundacionvag.org\/wp-content\/uploads\/2023\/10\/CIRCULOS-P.jpg 886w, https:\/\/fundacionvag.org\/wp-content\/uploads\/2023\/10\/CIRCULOS-P-300x242.jpg 300w, https:\/\/fundacionvag.org\/wp-content\/uploads\/2023\/10\/CIRCULOS-P-768x620.jpg 768w\" sizes=\"auto, (max-width: 886px) 100vw, 886px\" \/><\/figure>\n<\/div>\n\n\n<p><strong>Fines:\u00a0<\/strong><em>Promover una educaci\u00f3n adecuada a las personas con Altas Capacidades. Favorecer una adecuada formaci\u00f3n a padres, tutores, educadores y dem\u00e1s profesionales vinculados con el tema, para una mejor comprensi\u00f3n y tratamiento de las personas con Altas Capacidades. Potenciar las investigaciones en Altas Capacidades. Procurar la integraci\u00f3n de las personas con Altas Capacidades en su entorno social. Promover la mejora de calidad de vida de los asociados a todos los niveles, tanto educacional, cultural, deportivo y social. La asistencia, integraci\u00f3n e inclusi\u00f3n social y laboral de colectivos desfavorecidos por encontrarse en riesgo o situaci\u00f3n de exclusi\u00f3n social por el motivo que fuere (discapacidad, g\u00e9nero, cultura, raza, educaci\u00f3n, etc.).<\/em><\/p>\n","protected":false},"excerpt":{"rendered":"<p>La Fundaci\u00f3n V\u00edctor Abughattas nace para ofrecer servicios voluntarios y gratuitos a sus alumnos. Fines:\u00a0Promover una educaci\u00f3n adecuada a las personas con Altas Capacidades. Favorecer una adecuada formaci\u00f3n a padres, tutores, educadores y dem\u00e1s profesionales vinculados con el tema, para una mejor comprensi\u00f3n y tratamiento de las personas con Altas Capacidades. Potenciar las investigaciones en Altas Capacidades. Procurar la integraci\u00f3n de las personas con Altas Capacidades en su entorno social. Promover la mejora de calidad de vida de los asociados a todos los niveles, tanto educacional, cultural, deportivo y social. La asistencia, integraci\u00f3n e inclusi\u00f3n social y laboral de colectivos desfavorecidos por encontrarse en riesgo o situaci\u00f3n de exclusi\u00f3n social por el motivo que fuere (discapacidad, g\u00e9nero, cultura, raza, educaci\u00f3n, etc.).<\/p>\n","protected":false},"author":1,"featured_media":0,"parent":0,"menu_order":0,"comment_status":"closed","ping_status":"closed","template":"","meta":{"footnotes":""},"class_list":["post-213","page","type-page","status-publish","hentry"],"yoast_head":"<!-- This site is optimized with the Yoast SEO plugin v21.5 - https:\/\/yoast.com\/wordpress\/plugins\/seo\/ -->\n<title>Inicio - Fundaci\u00f3n V\u00edctor Abughattas<\/title>\n<meta name=\"description\" content=\"La Fundaci\u00f3n V\u00edctor Abughattas nace para ofrecer servicios voluntarios y gratuitos a sus alumnos y promover una educaci\u00f3n adecuada a las personas con Altas Capacidades.\" \/>\n<meta name=\"robots\" content=\"index, follow, max-snippet:-1, max-image-preview:large, max-video-preview:-1\" \/>\n<link rel=\"canonical\" href=\"https:\/\/fundacionvag.org\/es_es\/\" \/>\n<meta property=\"og:locale\" content=\"es_ES\" \/>\n<meta property=\"og:type\" content=\"article\" \/>\n<meta property=\"og:title\" content=\"Inicio - Fundaci\u00f3n V\u00edctor Abughattas\" \/>\n<meta property=\"og:description\" content=\"La Fundaci\u00f3n V\u00edctor Abughattas nace para ofrecer servicios voluntarios y gratuitos a sus alumnos y promover una educaci\u00f3n adecuada a las personas con Altas Capacidades.\" \/>\n<meta property=\"og:url\" content=\"https:\/\/fundacionvag.org\/es_es\/\" \/>\n<meta property=\"og:site_name\" content=\"Fundaci\u00f3n V\u00edctor Abughattas\" \/>\n<meta property=\"article:modified_time\" content=\"2023-11-29T13:10:03+00:00\" \/>\n<meta property=\"og:image\" content=\"https:\/\/fundacionvag.org\/wp-content\/uploads\/2023\/10\/CIRCULOS-P.jpg\" \/>\n<meta name=\"twitter:card\" content=\"summary_large_image\" \/>\n<meta name=\"twitter:label1\" content=\"Tiempo de lectura\" \/>\n\t<meta name=\"twitter:data1\" content=\"1 minuto\" \/>\n<script type=\"application\/ld+json\" class=\"yoast-schema-graph\">{\"@context\":\"https:\/\/schema.org\",\"@graph\":[{\"@type\":\"WebPage\",\"@id\":\"https:\/\/fundacionvag.org\/\",\"url\":\"https:\/\/fundacionvag.org\/\",\"name\":\"Inicio - Fundaci\u00f3n V\u00edctor Abughattas\",\"isPartOf\":{\"@id\":\"http:\/\/fundacionvag.org\/es_es\/#website\"},\"datePublished\":\"2023-10-27T15:34:37+00:00\",\"dateModified\":\"2023-11-29T13:10:03+00:00\",\"description\":\"La Fundaci\u00f3n V\u00edctor Abughattas nace para ofrecer servicios voluntarios y gratuitos a sus alumnos y promover una educaci\u00f3n adecuada a las personas con Altas Capacidades.\",\"breadcrumb\":{\"@id\":\"https:\/\/fundacionvag.org\/#breadcrumb\"},\"inLanguage\":\"es\",\"potentialAction\":[{\"@type\":\"ReadAction\",\"target\":[\"https:\/\/fundacionvag.org\/\"]}]},{\"@type\":\"BreadcrumbList\",\"@id\":\"https:\/\/fundacionvag.org\/#breadcrumb\",\"itemListElement\":[{\"@type\":\"ListItem\",\"position\":1,\"name\":\"Portada\",\"item\":\"https:\/\/fundacionvag.org\/\"},{\"@type\":\"ListItem\",\"position\":2,\"name\":\"Inicio\"}]},{\"@type\":\"WebSite\",\"@id\":\"http:\/\/fundacionvag.org\/es_es\/#website\",\"url\":\"http:\/\/fundacionvag.org\/es_es\/\",\"name\":\"Fundaci\u00f3n V\u00edctor Abughattas\",\"description\":\"\u201d Ayudas Programadas a Alumnos de Altas Capacidades.\u201d\",\"publisher\":{\"@id\":\"http:\/\/fundacionvag.org\/es_es\/#organization\"},\"potentialAction\":[{\"@type\":\"SearchAction\",\"target\":{\"@type\":\"EntryPoint\",\"urlTemplate\":\"http:\/\/fundacionvag.org\/es_es\/?s={search_term_string}\"},\"query-input\":\"required name=search_term_string\"}],\"inLanguage\":\"es\"},{\"@type\":\"Organization\",\"@id\":\"http:\/\/fundacionvag.org\/es_es\/#organization\",\"name\":\"Fundaci\u00f3n V\u00edctor Abughattas\",\"url\":\"http:\/\/fundacionvag.org\/es_es\/\",\"logo\":{\"@type\":\"ImageObject\",\"inLanguage\":\"es\",\"@id\":\"http:\/\/fundacionvag.org\/es_es\/#\/schema\/logo\/image\/\",\"url\":\"https:\/\/fundacionvag.org\/wp-content\/uploads\/2023\/10\/LOGO-PAG-WEB-texto-scaled.jpg\",\"contentUrl\":\"https:\/\/fundacionvag.org\/wp-content\/uploads\/2023\/10\/LOGO-PAG-WEB-texto-scaled.jpg\",\"width\":2560,\"height\":717,\"caption\":\"Fundaci\u00f3n V\u00edctor Abughattas\"},\"image\":{\"@id\":\"http:\/\/fundacionvag.org\/es_es\/#\/schema\/logo\/image\/\"}}]}<\/script>\n<!-- \/ Yoast SEO plugin. -->","yoast_head_json":{"title":"Inicio - Fundaci\u00f3n V\u00edctor Abughattas","description":"La Fundaci\u00f3n V\u00edctor Abughattas nace para ofrecer servicios voluntarios y gratuitos a sus alumnos y promover una educaci\u00f3n adecuada a las personas con Altas Capacidades.","robots":{"index":"index","follow":"follow","max-snippet":"max-snippet:-1","max-image-preview":"max-image-preview:large","max-video-preview":"max-video-preview:-1"},"canonical":"https:\/\/fundacionvag.org\/es_es\/","og_locale":"es_ES","og_type":"article","og_title":"Inicio - Fundaci\u00f3n V\u00edctor Abughattas","og_description":"La Fundaci\u00f3n V\u00edctor Abughattas nace para ofrecer servicios voluntarios y gratuitos a sus alumnos y promover una educaci\u00f3n adecuada a las personas con Altas Capacidades.","og_url":"https:\/\/fundacionvag.org\/es_es\/","og_site_name":"Fundaci\u00f3n V\u00edctor Abughattas","article_modified_time":"2023-11-29T13:10:03+00:00","og_image":[{"url":"https:\/\/fundacionvag.org\/wp-content\/uploads\/2023\/10\/CIRCULOS-P.jpg"}],"twitter_card":"summary_large_image","twitter_misc":{"Tiempo de lectura":"1 minuto"},"schema":{"@context":"https:\/\/schema.org","@graph":[{"@type":"WebPage","@id":"https:\/\/fundacionvag.org\/","url":"https:\/\/fundacionvag.org\/","name":"Inicio - Fundaci\u00f3n V\u00edctor Abughattas","isPartOf":{"@id":"http:\/\/fundacionvag.org\/es_es\/#website"},"datePublished":"2023-10-27T15:34:37+00:00","dateModified":"2023-11-29T13:10:03+00:00","description":"La Fundaci\u00f3n V\u00edctor Abughattas nace para ofrecer servicios voluntarios y gratuitos a sus alumnos y promover una educaci\u00f3n adecuada a las personas con Altas Capacidades.","breadcrumb":{"@id":"https:\/\/fundacionvag.org\/#breadcrumb"},"inLanguage":"es","potentialAction":[{"@type":"ReadAction","target":["https:\/\/fundacionvag.org\/"]}]},{"@type":"BreadcrumbList","@id":"https:\/\/fundacionvag.org\/#breadcrumb","itemListElement":[{"@type":"ListItem","position":1,"name":"Portada","item":"https:\/\/fundacionvag.org\/"},{"@type":"ListItem","position":2,"name":"Inicio"}]},{"@type":"WebSite","@id":"http:\/\/fundacionvag.org\/es_es\/#website","url":"http:\/\/fundacionvag.org\/es_es\/","name":"Fundaci\u00f3n V\u00edctor Abughattas","description":"\u201d Ayudas Programadas a Alumnos de Altas Capacidades.\u201d","publisher":{"@id":"http:\/\/fundacionvag.org\/es_es\/#organization"},"potentialAction":[{"@type":"SearchAction","target":{"@type":"EntryPoint","urlTemplate":"http:\/\/fundacionvag.org\/es_es\/?s={search_term_string}"},"query-input":"required name=search_term_string"}],"inLanguage":"es"},{"@type":"Organization","@id":"http:\/\/fundacionvag.org\/es_es\/#organization","name":"Fundaci\u00f3n V\u00edctor Abughattas","url":"http:\/\/fundacionvag.org\/es_es\/","logo":{"@type":"ImageObject","inLanguage":"es","@id":"http:\/\/fundacionvag.org\/es_es\/#\/schema\/logo\/image\/","url":"https:\/\/fundacionvag.org\/wp-content\/uploads\/2023\/10\/LOGO-PAG-WEB-texto-scaled.jpg","contentUrl":"https:\/\/fundacionvag.org\/wp-content\/uploads\/2023\/10\/LOGO-PAG-WEB-texto-scaled.jpg","width":2560,"height":717,"caption":"Fundaci\u00f3n V\u00edctor Abughattas"},"image":{"@id":"http:\/\/fundacionvag.org\/es_es\/#\/schema\/logo\/image\/"}}]}},"_links":{"self":[{"href":"https:\/\/fundacionvag.org\/es_es\/wp-json\/wp\/v2\/pages\/213","targetHints":{"allow":["GET"]}}],"collection":[{"href":"https:\/\/fundacionvag.org\/es_es\/wp-json\/wp\/v2\/pages"}],"about":[{"href":"https:\/\/fundacionvag.org\/es_es\/wp-json\/wp\/v2\/types\/page"}],"author":[{"embeddable":true,"href":"https:\/\/fundacionvag.org\/es_es\/wp-json\/wp\/v2\/users\/1"}],"replies":[{"embeddable":true,"href":"https:\/\/fundacionvag.org\/es_es\/wp-json\/wp\/v2\/comments?post=213"}],"version-history":[{"count":4,"href":"https:\/\/fundacionvag.org\/es_es\/wp-json\/wp\/v2\/pages\/213\/revisions"}],"predecessor-version":[{"id":256,"href":"https:\/\/fundacionvag.org\/es_es\/wp-json\/wp\/v2\/pages\/213\/revisions\/256"}],"wp:attachment":[{"href":"https:\/\/fundacionvag.org\/es_es\/wp-json\/wp\/v2\/media?parent=213"}],"curies":[{"name":"wp","href":"https:\/\/api.w.org\/{rel}","templated":true}]}}