{"id":163,"date":"2023-10-24T12:43:52","date_gmt":"2023-10-24T12:43:52","guid":{"rendered":"https:\/\/fundacionvag.org\/?page_id=163"},"modified":"2023-11-29T13:12:01","modified_gmt":"2023-11-29T13:12:01","slug":"marco-teorico-2","status":"publish","type":"page","link":"https:\/\/fundacionvag.org\/es_es\/marco-teorico-2\/","title":{"rendered":"Marco Te\u00f3rico"},"content":{"rendered":"\n<p>De entre los m\u00faltiples modelos y concepciones que definen las altas capacidades, el Programa de Enriquecimiento Educativo se fundamenta en el modelo descrito por los autores M\u00f6nks y Van Boxtel, que se caracteriza por considerar a cada persona en su contexto social: Modelo de interdependencia tri\u00e1dica.<\/p>\n\n\n\n<p>Los modelos que hablan de las altas capacidades han ido cambiando a lo largo del tiempo y el concepto de inteligencia ha ido evolucionando, M\u00f6nks y Van Boxtel lo reflejan en sus modelos que consideran que nuestra sociedad y la cultura debe favorecer este talento especial tanto en su contexto social como el familiar para el desarrollo de estas personas.<\/p>\n\n\n\n<p>Modelo de Interdependencia de M\u00f6nks y Van Boxtel.<\/p>\n\n\n\n<h4 class=\"wp-block-heading\">El modelo de la independencia tri\u00e1dica de M\u00f6nks y Van Boxtel mira desde otra perspectiva la teor\u00eda de los tres anillos de Renzulli y lo hace desde una perspectiva social y cultural.<\/h4>\n\n\n\n<p>Este modelo considera que el desarrollo humano constituye un proceso de interacci\u00f3n entre las caracter\u00edsticas individuales -concepci\u00f3n de Renzulli-: capacidad intelectual superior, compromiso con la tarea, motivaci\u00f3n y creatividad y las oportunidades ambientales proporcionadas por la familia, el colegio y el grupo de compa\u00f1eros y compa\u00f1eras, en las que se desenvuelve el ni\u00f1o o ni\u00f1a y el adolescente y que influir\u00e1n en el desarrollo de sus capacidades.<\/p>\n\n\n\n<p>De esta manera, el alumno con esta superdotaci\u00f3n que se interrelaciona con su entorno y adem\u00e1s propone tres nuevas variables sociales: la familia, los compa\u00f1eros y el colegio. Que interact\u00faan con la inteligencia, el compromiso y la creatividad.<\/p>\n\n\n\n<p>Este concepto de altas capacidades es pues, multidimensional, ya que los seis componentes que configuran en el modelo (ver imagen) no interaccionan, ni se manifiestan, ni influye con la misma intensidad en todos los ni\u00f1os, ni\u00f1as y adolescentes de altas capacidades, sino que se proyectan de diferentes formas y en distintos niveles, seg\u00fan los individuos, las circunstancias y el momento evolutivo en el que se encuentren.<\/p>\n\n\n\n<p>Por lo tanto, el concepto de las altas capacidades pasa a ser multidimensional, ya que estos seis componentes no se relacionan, ni se manifiestan, ni repercuten en todos los ni\u00f1os y ni\u00f1as y adolescentes. Se esbozan de formas diferentes y en etapas diferentes seg\u00fan en qu\u00e9 momento y circunstancia se encuentre la evoluci\u00f3n del individuo en ese momento.<\/p>\n\n\n<div class=\"wp-block-image\">\n<figure class=\"aligncenter size-large is-resized\"><img loading=\"lazy\" decoding=\"async\" width=\"1024\" height=\"1009\" src=\"https:\/\/fundacionvag.org\/wp-content\/uploads\/2023\/10\/MODELO-conceptual-N-002-1024x1009.jpg\" alt=\"\" class=\"wp-image-51\" style=\"aspect-ratio:1.0148662041625371;width:316px;height:auto\" srcset=\"https:\/\/fundacionvag.org\/wp-content\/uploads\/2023\/10\/MODELO-conceptual-N-002-1024x1009.jpg 1024w, https:\/\/fundacionvag.org\/wp-content\/uploads\/2023\/10\/MODELO-conceptual-N-002-300x296.jpg 300w, https:\/\/fundacionvag.org\/wp-content\/uploads\/2023\/10\/MODELO-conceptual-N-002-768x757.jpg 768w, https:\/\/fundacionvag.org\/wp-content\/uploads\/2023\/10\/MODELO-conceptual-N-002-1536x1513.jpg 1536w, https:\/\/fundacionvag.org\/wp-content\/uploads\/2023\/10\/MODELO-conceptual-N-002.jpg 1772w\" sizes=\"auto, (max-width: 1024px) 100vw, 1024px\" \/><\/figure>\n<\/div>\n\n\n<p><\/p>\n\n\n\n<p>Se ha demostrado tambi\u00e9n que las altas capacidades no son est\u00e1ticas, sino que evolucionan positiva o negativamente a lo largo del desarrollo de la persona, dependiendo de la interacci\u00f3n entre su capacidad innata y el apoyo ambiental adecuado o no que reciba: \u201cUn ni\u00f1o o ni\u00f1a inteligente no lo es siempre y, si no recibe apoyo adecuado, sus dotes pueden acabar por desaparecer\u201d. (X Conferencia Mundial de ni\u00f1os superdotados. La Haya, julio de 1991).<\/p>\n\n\n\n<p>Dentro de los ni\u00f1os y ni\u00f1as con altas capacidades no est\u00e1n fijas. Se desarrollan de forma positiva o negativamente en el transcurso de la vida de la persona, seg\u00fan se interrelacionen con su capacidad innata y la ayuda de su entorno o que pueda ocurrir que no lo reciba. Si esto pasase podr\u00edan estas dotes desaparecer.<\/p>\n\n\n\n<p>Conscientes de la atracci\u00f3n e influencia que el avance tecnol\u00f3gico ejerce sobre estos ni\u00f1os, ni\u00f1as y j\u00f3venes, actualmente se est\u00e1 contemplando, en el \u00e1mbito internacional, la posibilidad de ampliar el componente \u201ciguales\u201d, diferenciando a los amigos y amigas presenciales o tradicionales de los amigos y amigas virtuales, que son aquellos con los que cada persona se relaciona a trav\u00e9s de medios tecnol\u00f3gicos (ordenador, tel\u00e9fono m\u00f3vil, etc.).<\/p>\n\n\n\n<p>El avance tecnol\u00f3gico atrae e influye en estos ni\u00f1os, ni\u00f1as y j\u00f3venes en el \u00e1mbito internacional. Diferenci\u00e1ndose el componente de iguales de sus amigos y amigos virtuales que tambi\u00e9n usan m\u00e9todos tecnol\u00f3gicos como los ordenadores, m\u00f3viles, tabletas, etc.<\/p>\n\n\n<div class=\"wp-block-image\">\n<figure class=\"aligncenter size-large is-resized\"><img loading=\"lazy\" decoding=\"async\" width=\"1003\" height=\"1024\" src=\"https:\/\/fundacionvag.org\/wp-content\/uploads\/2023\/10\/MODELO-interdependencia-N-002-1003x1024.jpg\" alt=\"\" class=\"wp-image-50\" style=\"aspect-ratio:0.9794921875;width:282px;height:auto\" srcset=\"https:\/\/fundacionvag.org\/wp-content\/uploads\/2023\/10\/MODELO-interdependencia-N-002-1003x1024.jpg 1003w, https:\/\/fundacionvag.org\/wp-content\/uploads\/2023\/10\/MODELO-interdependencia-N-002-294x300.jpg 294w, https:\/\/fundacionvag.org\/wp-content\/uploads\/2023\/10\/MODELO-interdependencia-N-002-768x784.jpg 768w, https:\/\/fundacionvag.org\/wp-content\/uploads\/2023\/10\/MODELO-interdependencia-N-002-1505x1536.jpg 1505w, https:\/\/fundacionvag.org\/wp-content\/uploads\/2023\/10\/MODELO-interdependencia-N-002.jpg 1772w\" sizes=\"auto, (max-width: 1003px) 100vw, 1003px\" \/><\/figure>\n<\/div>\n\n\n<p><\/p>\n\n\n\n<p>Ampliaci\u00f3n del Modelo de Interdependencia Tri\u00e1dica<\/p>\n\n\n\n<p>Propuesta de la Dra. Sieglinde Weyringer.<\/p>\n\n\n\n<p>Universidad de Salzburg.<\/p>\n\n\n\n<p>Meeting the Needs of Gifted Children and Adolescents. Tuesday 27 November 2007.<\/p>\n","protected":false},"excerpt":{"rendered":"<p>De entre los m\u00faltiples modelos y concepciones que definen las altas capacidades, el Programa de Enriquecimiento Educativo se fundamenta en el modelo descrito por los autores M\u00f6nks y Van Boxtel, que se caracteriza por considerar a cada persona en su contexto social: Modelo de interdependencia tri\u00e1dica. Los modelos que hablan de las altas capacidades han ido cambiando a lo largo del tiempo y el concepto de inteligencia ha ido evolucionando, M\u00f6nks y Van Boxtel lo reflejan en sus modelos que consideran que nuestra sociedad y la cultura debe favorecer este talento especial tanto en su contexto social como el familiar para el desarrollo de estas personas. Modelo de Interdependencia de M\u00f6nks y Van Boxtel. El modelo de la independencia tri\u00e1dica de M\u00f6nks y Van Boxtel mira desde otra perspectiva la teor\u00eda de los tres anillos de Renzulli y lo hace desde una perspectiva social y cultural. Este modelo considera que el desarrollo humano constituye un proceso de interacci\u00f3n entre las caracter\u00edsticas individuales -concepci\u00f3n de Renzulli-: capacidad intelectual superior, compromiso con la tarea, motivaci\u00f3n y creatividad y las oportunidades ambientales proporcionadas por la familia, el colegio y el grupo de compa\u00f1eros y compa\u00f1eras, en las que se desenvuelve el ni\u00f1o o ni\u00f1a y el adolescente y que influir\u00e1n en el desarrollo de sus capacidades. De esta manera, el alumno con esta superdotaci\u00f3n que se interrelaciona con su entorno y adem\u00e1s propone tres nuevas variables sociales: la familia, los compa\u00f1eros y el colegio. Que interact\u00faan con la inteligencia, el compromiso y la creatividad. Este concepto de altas capacidades es pues, multidimensional, ya que los seis componentes que configuran en el modelo (ver imagen) no interaccionan, ni se manifiestan, ni influye con la misma intensidad en todos los ni\u00f1os, ni\u00f1as y adolescentes de altas capacidades, sino que se proyectan de diferentes formas y en distintos niveles, seg\u00fan los individuos, las circunstancias y el momento evolutivo en el que se encuentren. Por lo tanto, el concepto de las altas capacidades pasa a ser multidimensional, ya que estos seis componentes no se relacionan, ni se manifiestan, ni repercuten en todos los ni\u00f1os y ni\u00f1as y adolescentes. Se esbozan de formas diferentes y en etapas diferentes seg\u00fan en qu\u00e9 momento y circunstancia se encuentre la evoluci\u00f3n del individuo en ese momento. Se ha demostrado tambi\u00e9n que las altas capacidades no son est\u00e1ticas, sino que evolucionan positiva o negativamente a lo largo del desarrollo de la persona, dependiendo de la interacci\u00f3n entre su capacidad innata y el apoyo ambiental adecuado o no que reciba: \u201cUn ni\u00f1o o ni\u00f1a inteligente no lo es siempre y, si no recibe apoyo adecuado, sus dotes pueden acabar por desaparecer\u201d. (X Conferencia Mundial de ni\u00f1os superdotados. La Haya, julio de 1991). Dentro de los ni\u00f1os y ni\u00f1as con altas capacidades no est\u00e1n fijas. Se desarrollan de forma positiva o negativamente en el transcurso de la vida de la persona, seg\u00fan se interrelacionen con su capacidad innata y la ayuda de su entorno o que pueda ocurrir que no lo reciba. Si esto pasase podr\u00edan estas dotes desaparecer. Conscientes de la atracci\u00f3n e influencia que el avance tecnol\u00f3gico ejerce sobre estos ni\u00f1os, ni\u00f1as y j\u00f3venes, actualmente se est\u00e1 contemplando, en el \u00e1mbito internacional, la posibilidad de ampliar el componente \u201ciguales\u201d, diferenciando a los amigos y amigas presenciales o tradicionales de los amigos y amigas virtuales, que son aquellos con los que cada persona se relaciona a trav\u00e9s de medios tecnol\u00f3gicos (ordenador, tel\u00e9fono m\u00f3vil, etc.). El avance tecnol\u00f3gico atrae e influye en estos ni\u00f1os, ni\u00f1as y j\u00f3venes en el \u00e1mbito internacional. Diferenci\u00e1ndose el componente de iguales de sus amigos y amigos virtuales que tambi\u00e9n usan m\u00e9todos tecnol\u00f3gicos como los ordenadores, m\u00f3viles, tabletas, etc. Ampliaci\u00f3n del Modelo de Interdependencia Tri\u00e1dica Propuesta de la Dra. Sieglinde Weyringer. Universidad de Salzburg. Meeting the Needs of Gifted Children and Adolescents. Tuesday 27 November 2007.<\/p>\n","protected":false},"author":1,"featured_media":0,"parent":0,"menu_order":0,"comment_status":"closed","ping_status":"closed","template":"","meta":{"footnotes":""},"class_list":["post-163","page","type-page","status-publish","hentry"],"yoast_head":"<!-- This site is optimized with the Yoast SEO plugin v21.5 - https:\/\/yoast.com\/wordpress\/plugins\/seo\/ -->\n<title>Marco Te\u00f3rico - Fundaci\u00f3n V\u00edctor Abughattas<\/title>\n<meta name=\"robots\" content=\"index, follow, max-snippet:-1, max-image-preview:large, max-video-preview:-1\" \/>\n<link rel=\"canonical\" href=\"https:\/\/fundacionvag.org\/es_es\/marco-teorico-2\/\" \/>\n<meta property=\"og:locale\" content=\"es_ES\" \/>\n<meta property=\"og:type\" content=\"article\" \/>\n<meta property=\"og:title\" content=\"Marco Te\u00f3rico - Fundaci\u00f3n V\u00edctor Abughattas\" \/>\n<meta property=\"og:description\" content=\"De entre los m\u00faltiples modelos y concepciones que definen las altas capacidades, el Programa de Enriquecimiento Educativo se fundamenta en el modelo descrito por los autores M\u00f6nks y Van Boxtel, que se caracteriza por considerar a cada persona en su contexto social: Modelo de interdependencia tri\u00e1dica. Los modelos que hablan de las altas capacidades han ido cambiando a lo largo del tiempo y el concepto de inteligencia ha ido evolucionando, M\u00f6nks y Van Boxtel lo reflejan en sus modelos que consideran que nuestra sociedad y la cultura debe favorecer este talento especial tanto en su contexto social como el familiar para el desarrollo de estas personas. Modelo de Interdependencia de M\u00f6nks y Van Boxtel. El modelo de la independencia tri\u00e1dica de M\u00f6nks y Van Boxtel mira desde otra perspectiva la teor\u00eda de los tres anillos de Renzulli y lo hace desde una perspectiva social y cultural. Este modelo considera que el desarrollo humano constituye un proceso de interacci\u00f3n entre las caracter\u00edsticas individuales -concepci\u00f3n de Renzulli-: capacidad intelectual superior, compromiso con la tarea, motivaci\u00f3n y creatividad y las oportunidades ambientales proporcionadas por la familia, el colegio y el grupo de compa\u00f1eros y compa\u00f1eras, en las que se desenvuelve el ni\u00f1o o ni\u00f1a y el adolescente y que influir\u00e1n en el desarrollo de sus capacidades. De esta manera, el alumno con esta superdotaci\u00f3n que se interrelaciona con su entorno y adem\u00e1s propone tres nuevas variables sociales: la familia, los compa\u00f1eros y el colegio. Que interact\u00faan con la inteligencia, el compromiso y la creatividad. Este concepto de altas capacidades es pues, multidimensional, ya que los seis componentes que configuran en el modelo (ver imagen) no interaccionan, ni se manifiestan, ni influye con la misma intensidad en todos los ni\u00f1os, ni\u00f1as y adolescentes de altas capacidades, sino que se proyectan de diferentes formas y en distintos niveles, seg\u00fan los individuos, las circunstancias y el momento evolutivo en el que se encuentren. Por lo tanto, el concepto de las altas capacidades pasa a ser multidimensional, ya que estos seis componentes no se relacionan, ni se manifiestan, ni repercuten en todos los ni\u00f1os y ni\u00f1as y adolescentes. Se esbozan de formas diferentes y en etapas diferentes seg\u00fan en qu\u00e9 momento y circunstancia se encuentre la evoluci\u00f3n del individuo en ese momento. Se ha demostrado tambi\u00e9n que las altas capacidades no son est\u00e1ticas, sino que evolucionan positiva o negativamente a lo largo del desarrollo de la persona, dependiendo de la interacci\u00f3n entre su capacidad innata y el apoyo ambiental adecuado o no que reciba: \u201cUn ni\u00f1o o ni\u00f1a inteligente no lo es siempre y, si no recibe apoyo adecuado, sus dotes pueden acabar por desaparecer\u201d. (X Conferencia Mundial de ni\u00f1os superdotados. La Haya, julio de 1991). Dentro de los ni\u00f1os y ni\u00f1as con altas capacidades no est\u00e1n fijas. Se desarrollan de forma positiva o negativamente en el transcurso de la vida de la persona, seg\u00fan se interrelacionen con su capacidad innata y la ayuda de su entorno o que pueda ocurrir que no lo reciba. Si esto pasase podr\u00edan estas dotes desaparecer. Conscientes de la atracci\u00f3n e influencia que el avance tecnol\u00f3gico ejerce sobre estos ni\u00f1os, ni\u00f1as y j\u00f3venes, actualmente se est\u00e1 contemplando, en el \u00e1mbito internacional, la posibilidad de ampliar el componente \u201ciguales\u201d, diferenciando a los amigos y amigas presenciales o tradicionales de los amigos y amigas virtuales, que son aquellos con los que cada persona se relaciona a trav\u00e9s de medios tecnol\u00f3gicos (ordenador, tel\u00e9fono m\u00f3vil, etc.). El avance tecnol\u00f3gico atrae e influye en estos ni\u00f1os, ni\u00f1as y j\u00f3venes en el \u00e1mbito internacional. Diferenci\u00e1ndose el componente de iguales de sus amigos y amigos virtuales que tambi\u00e9n usan m\u00e9todos tecnol\u00f3gicos como los ordenadores, m\u00f3viles, tabletas, etc. Ampliaci\u00f3n del Modelo de Interdependencia Tri\u00e1dica Propuesta de la Dra. Sieglinde Weyringer. Universidad de Salzburg. Meeting the Needs of Gifted Children and Adolescents. Tuesday 27 November 2007.\" \/>\n<meta property=\"og:url\" content=\"https:\/\/fundacionvag.org\/es_es\/marco-teorico-2\/\" \/>\n<meta property=\"og:site_name\" content=\"Fundaci\u00f3n V\u00edctor Abughattas\" \/>\n<meta property=\"article:modified_time\" content=\"2023-11-29T13:12:01+00:00\" \/>\n<meta property=\"og:image\" content=\"https:\/\/fundacionvag.org\/wp-content\/uploads\/2023\/10\/MODELO-conceptual-N-002-1024x1009.jpg\" \/>\n<meta name=\"twitter:card\" content=\"summary_large_image\" \/>\n<meta name=\"twitter:label1\" content=\"Tiempo de lectura\" \/>\n\t<meta name=\"twitter:data1\" content=\"4 minutos\" \/>\n<script type=\"application\/ld+json\" class=\"yoast-schema-graph\">{\"@context\":\"https:\/\/schema.org\",\"@graph\":[{\"@type\":\"WebPage\",\"@id\":\"https:\/\/fundacionvag.org\/marco-teorico-2\/\",\"url\":\"https:\/\/fundacionvag.org\/marco-teorico-2\/\",\"name\":\"Marco Te\u00f3rico - Fundaci\u00f3n V\u00edctor Abughattas\",\"isPartOf\":{\"@id\":\"http:\/\/fundacionvag.org\/es_es\/#website\"},\"datePublished\":\"2023-10-24T12:43:52+00:00\",\"dateModified\":\"2023-11-29T13:12:01+00:00\",\"breadcrumb\":{\"@id\":\"https:\/\/fundacionvag.org\/marco-teorico-2\/#breadcrumb\"},\"inLanguage\":\"es\",\"potentialAction\":[{\"@type\":\"ReadAction\",\"target\":[\"https:\/\/fundacionvag.org\/marco-teorico-2\/\"]}]},{\"@type\":\"BreadcrumbList\",\"@id\":\"https:\/\/fundacionvag.org\/marco-teorico-2\/#breadcrumb\",\"itemListElement\":[{\"@type\":\"ListItem\",\"position\":1,\"name\":\"Portada\",\"item\":\"https:\/\/fundacionvag.org\/\"},{\"@type\":\"ListItem\",\"position\":2,\"name\":\"Marco Te\u00f3rico\"}]},{\"@type\":\"WebSite\",\"@id\":\"http:\/\/fundacionvag.org\/es_es\/#website\",\"url\":\"http:\/\/fundacionvag.org\/es_es\/\",\"name\":\"Fundaci\u00f3n V\u00edctor Abughattas\",\"description\":\"\u201d Ayudas Programadas a Alumnos de Altas Capacidades.\u201d\",\"publisher\":{\"@id\":\"http:\/\/fundacionvag.org\/es_es\/#organization\"},\"potentialAction\":[{\"@type\":\"SearchAction\",\"target\":{\"@type\":\"EntryPoint\",\"urlTemplate\":\"http:\/\/fundacionvag.org\/es_es\/?s={search_term_string}\"},\"query-input\":\"required name=search_term_string\"}],\"inLanguage\":\"es\"},{\"@type\":\"Organization\",\"@id\":\"http:\/\/fundacionvag.org\/es_es\/#organization\",\"name\":\"Fundaci\u00f3n V\u00edctor Abughattas\",\"url\":\"http:\/\/fundacionvag.org\/es_es\/\",\"logo\":{\"@type\":\"ImageObject\",\"inLanguage\":\"es\",\"@id\":\"http:\/\/fundacionvag.org\/es_es\/#\/schema\/logo\/image\/\",\"url\":\"https:\/\/fundacionvag.org\/wp-content\/uploads\/2023\/10\/LOGO-PAG-WEB-texto-scaled.jpg\",\"contentUrl\":\"https:\/\/fundacionvag.org\/wp-content\/uploads\/2023\/10\/LOGO-PAG-WEB-texto-scaled.jpg\",\"width\":2560,\"height\":717,\"caption\":\"Fundaci\u00f3n V\u00edctor Abughattas\"},\"image\":{\"@id\":\"http:\/\/fundacionvag.org\/es_es\/#\/schema\/logo\/image\/\"}}]}<\/script>\n<!-- \/ Yoast SEO plugin. -->","yoast_head_json":{"title":"Marco Te\u00f3rico - Fundaci\u00f3n V\u00edctor Abughattas","robots":{"index":"index","follow":"follow","max-snippet":"max-snippet:-1","max-image-preview":"max-image-preview:large","max-video-preview":"max-video-preview:-1"},"canonical":"https:\/\/fundacionvag.org\/es_es\/marco-teorico-2\/","og_locale":"es_ES","og_type":"article","og_title":"Marco Te\u00f3rico - Fundaci\u00f3n V\u00edctor Abughattas","og_description":"De entre los m\u00faltiples modelos y concepciones que definen las altas capacidades, el Programa de Enriquecimiento Educativo se fundamenta en el modelo descrito por los autores M\u00f6nks y Van Boxtel, que se caracteriza por considerar a cada persona en su contexto social: Modelo de interdependencia tri\u00e1dica. Los modelos que hablan de las altas capacidades han ido cambiando a lo largo del tiempo y el concepto de inteligencia ha ido evolucionando, M\u00f6nks y Van Boxtel lo reflejan en sus modelos que consideran que nuestra sociedad y la cultura debe favorecer este talento especial tanto en su contexto social como el familiar para el desarrollo de estas personas. Modelo de Interdependencia de M\u00f6nks y Van Boxtel. El modelo de la independencia tri\u00e1dica de M\u00f6nks y Van Boxtel mira desde otra perspectiva la teor\u00eda de los tres anillos de Renzulli y lo hace desde una perspectiva social y cultural. Este modelo considera que el desarrollo humano constituye un proceso de interacci\u00f3n entre las caracter\u00edsticas individuales -concepci\u00f3n de Renzulli-: capacidad intelectual superior, compromiso con la tarea, motivaci\u00f3n y creatividad y las oportunidades ambientales proporcionadas por la familia, el colegio y el grupo de compa\u00f1eros y compa\u00f1eras, en las que se desenvuelve el ni\u00f1o o ni\u00f1a y el adolescente y que influir\u00e1n en el desarrollo de sus capacidades. De esta manera, el alumno con esta superdotaci\u00f3n que se interrelaciona con su entorno y adem\u00e1s propone tres nuevas variables sociales: la familia, los compa\u00f1eros y el colegio. Que interact\u00faan con la inteligencia, el compromiso y la creatividad. Este concepto de altas capacidades es pues, multidimensional, ya que los seis componentes que configuran en el modelo (ver imagen) no interaccionan, ni se manifiestan, ni influye con la misma intensidad en todos los ni\u00f1os, ni\u00f1as y adolescentes de altas capacidades, sino que se proyectan de diferentes formas y en distintos niveles, seg\u00fan los individuos, las circunstancias y el momento evolutivo en el que se encuentren. Por lo tanto, el concepto de las altas capacidades pasa a ser multidimensional, ya que estos seis componentes no se relacionan, ni se manifiestan, ni repercuten en todos los ni\u00f1os y ni\u00f1as y adolescentes. Se esbozan de formas diferentes y en etapas diferentes seg\u00fan en qu\u00e9 momento y circunstancia se encuentre la evoluci\u00f3n del individuo en ese momento. Se ha demostrado tambi\u00e9n que las altas capacidades no son est\u00e1ticas, sino que evolucionan positiva o negativamente a lo largo del desarrollo de la persona, dependiendo de la interacci\u00f3n entre su capacidad innata y el apoyo ambiental adecuado o no que reciba: \u201cUn ni\u00f1o o ni\u00f1a inteligente no lo es siempre y, si no recibe apoyo adecuado, sus dotes pueden acabar por desaparecer\u201d. (X Conferencia Mundial de ni\u00f1os superdotados. La Haya, julio de 1991). Dentro de los ni\u00f1os y ni\u00f1as con altas capacidades no est\u00e1n fijas. Se desarrollan de forma positiva o negativamente en el transcurso de la vida de la persona, seg\u00fan se interrelacionen con su capacidad innata y la ayuda de su entorno o que pueda ocurrir que no lo reciba. Si esto pasase podr\u00edan estas dotes desaparecer. Conscientes de la atracci\u00f3n e influencia que el avance tecnol\u00f3gico ejerce sobre estos ni\u00f1os, ni\u00f1as y j\u00f3venes, actualmente se est\u00e1 contemplando, en el \u00e1mbito internacional, la posibilidad de ampliar el componente \u201ciguales\u201d, diferenciando a los amigos y amigas presenciales o tradicionales de los amigos y amigas virtuales, que son aquellos con los que cada persona se relaciona a trav\u00e9s de medios tecnol\u00f3gicos (ordenador, tel\u00e9fono m\u00f3vil, etc.). El avance tecnol\u00f3gico atrae e influye en estos ni\u00f1os, ni\u00f1as y j\u00f3venes en el \u00e1mbito internacional. Diferenci\u00e1ndose el componente de iguales de sus amigos y amigos virtuales que tambi\u00e9n usan m\u00e9todos tecnol\u00f3gicos como los ordenadores, m\u00f3viles, tabletas, etc. Ampliaci\u00f3n del Modelo de Interdependencia Tri\u00e1dica Propuesta de la Dra. Sieglinde Weyringer. Universidad de Salzburg. Meeting the Needs of Gifted Children and Adolescents. Tuesday 27 November 2007.","og_url":"https:\/\/fundacionvag.org\/es_es\/marco-teorico-2\/","og_site_name":"Fundaci\u00f3n V\u00edctor Abughattas","article_modified_time":"2023-11-29T13:12:01+00:00","og_image":[{"url":"https:\/\/fundacionvag.org\/wp-content\/uploads\/2023\/10\/MODELO-conceptual-N-002-1024x1009.jpg"}],"twitter_card":"summary_large_image","twitter_misc":{"Tiempo de lectura":"4 minutos"},"schema":{"@context":"https:\/\/schema.org","@graph":[{"@type":"WebPage","@id":"https:\/\/fundacionvag.org\/marco-teorico-2\/","url":"https:\/\/fundacionvag.org\/marco-teorico-2\/","name":"Marco Te\u00f3rico - Fundaci\u00f3n V\u00edctor Abughattas","isPartOf":{"@id":"http:\/\/fundacionvag.org\/es_es\/#website"},"datePublished":"2023-10-24T12:43:52+00:00","dateModified":"2023-11-29T13:12:01+00:00","breadcrumb":{"@id":"https:\/\/fundacionvag.org\/marco-teorico-2\/#breadcrumb"},"inLanguage":"es","potentialAction":[{"@type":"ReadAction","target":["https:\/\/fundacionvag.org\/marco-teorico-2\/"]}]},{"@type":"BreadcrumbList","@id":"https:\/\/fundacionvag.org\/marco-teorico-2\/#breadcrumb","itemListElement":[{"@type":"ListItem","position":1,"name":"Portada","item":"https:\/\/fundacionvag.org\/"},{"@type":"ListItem","position":2,"name":"Marco Te\u00f3rico"}]},{"@type":"WebSite","@id":"http:\/\/fundacionvag.org\/es_es\/#website","url":"http:\/\/fundacionvag.org\/es_es\/","name":"Fundaci\u00f3n V\u00edctor Abughattas","description":"\u201d Ayudas Programadas a Alumnos de Altas Capacidades.\u201d","publisher":{"@id":"http:\/\/fundacionvag.org\/es_es\/#organization"},"potentialAction":[{"@type":"SearchAction","target":{"@type":"EntryPoint","urlTemplate":"http:\/\/fundacionvag.org\/es_es\/?s={search_term_string}"},"query-input":"required name=search_term_string"}],"inLanguage":"es"},{"@type":"Organization","@id":"http:\/\/fundacionvag.org\/es_es\/#organization","name":"Fundaci\u00f3n V\u00edctor Abughattas","url":"http:\/\/fundacionvag.org\/es_es\/","logo":{"@type":"ImageObject","inLanguage":"es","@id":"http:\/\/fundacionvag.org\/es_es\/#\/schema\/logo\/image\/","url":"https:\/\/fundacionvag.org\/wp-content\/uploads\/2023\/10\/LOGO-PAG-WEB-texto-scaled.jpg","contentUrl":"https:\/\/fundacionvag.org\/wp-content\/uploads\/2023\/10\/LOGO-PAG-WEB-texto-scaled.jpg","width":2560,"height":717,"caption":"Fundaci\u00f3n V\u00edctor Abughattas"},"image":{"@id":"http:\/\/fundacionvag.org\/es_es\/#\/schema\/logo\/image\/"}}]}},"_links":{"self":[{"href":"https:\/\/fundacionvag.org\/es_es\/wp-json\/wp\/v2\/pages\/163","targetHints":{"allow":["GET"]}}],"collection":[{"href":"https:\/\/fundacionvag.org\/es_es\/wp-json\/wp\/v2\/pages"}],"about":[{"href":"https:\/\/fundacionvag.org\/es_es\/wp-json\/wp\/v2\/types\/page"}],"author":[{"embeddable":true,"href":"https:\/\/fundacionvag.org\/es_es\/wp-json\/wp\/v2\/users\/1"}],"replies":[{"embeddable":true,"href":"https:\/\/fundacionvag.org\/es_es\/wp-json\/wp\/v2\/comments?post=163"}],"version-history":[{"count":4,"href":"https:\/\/fundacionvag.org\/es_es\/wp-json\/wp\/v2\/pages\/163\/revisions"}],"predecessor-version":[{"id":273,"href":"https:\/\/fundacionvag.org\/es_es\/wp-json\/wp\/v2\/pages\/163\/revisions\/273"}],"wp:attachment":[{"href":"https:\/\/fundacionvag.org\/es_es\/wp-json\/wp\/v2\/media?parent=163"}],"curies":[{"name":"wp","href":"https:\/\/api.w.org\/{rel}","templated":true}]}}