{"id":47,"date":"2023-10-20T10:15:07","date_gmt":"2023-10-20T10:15:07","guid":{"rendered":"https:\/\/fundacionvag.org\/?page_id=47"},"modified":"2023-11-29T13:06:24","modified_gmt":"2023-11-29T13:06:24","slug":"ejes-de-la-intervencion-de-la-fundacion","status":"publish","type":"page","link":"https:\/\/fundacionvag.org\/en\/ejes-de-la-intervencion-de-la-fundacion\/","title":{"rendered":"Intervention axes"},"content":{"rendered":"<p>There are four <strong>main intervention<\/strong> axes which are:<\/p>\n\n\n\n<p><strong>1. Students Individual, affiliated.<\/strong><\/p>\n\n\n<div class=\"wp-block-image\">\n<figure class=\"aligncenter size-large is-resized\"><img loading=\"lazy\" decoding=\"async\" width=\"1024\" height=\"845\" src=\"https:\/\/fundacionvag.org\/wp-content\/uploads\/2023\/10\/NINOS-LEYENDO-EN-SILLA-1024x845.jpg\" alt=\"\" class=\"wp-image-80\" style=\"aspect-ratio:1.2118343195266272;width:439px;height:auto\" srcset=\"https:\/\/fundacionvag.org\/wp-content\/uploads\/2023\/10\/NINOS-LEYENDO-EN-SILLA-1024x845.jpg 1024w, https:\/\/fundacionvag.org\/wp-content\/uploads\/2023\/10\/NINOS-LEYENDO-EN-SILLA-300x248.jpg 300w, https:\/\/fundacionvag.org\/wp-content\/uploads\/2023\/10\/NINOS-LEYENDO-EN-SILLA-768x634.jpg 768w, https:\/\/fundacionvag.org\/wp-content\/uploads\/2023\/10\/NINOS-LEYENDO-EN-SILLA-1536x1268.jpg 1536w, https:\/\/fundacionvag.org\/wp-content\/uploads\/2023\/10\/NINOS-LEYENDO-EN-SILLA-2048x1690.jpg 2048w\" sizes=\"auto, (max-width: 1024px) 100vw, 1024px\" \/><\/figure>\n<\/div>\n\n\n<p><em><strong>2.  Centers educational establishment, educational institutions.<\/strong><\/em><\/p>\n\n\n\n<p><em>&nbsp;&nbsp;&nbsp;&nbsp;&nbsp;&nbsp;&nbsp;&nbsp;&nbsp;&nbsp;&nbsp;&nbsp;&nbsp;&nbsp; Information exchange with tutors and counselors about the participants in the Program.<\/em><\/p>\n\n\n\n<p><em>&nbsp;&nbsp;&nbsp;&nbsp;&nbsp;&nbsp;&nbsp;&nbsp;&nbsp;&nbsp;&nbsp;&nbsp;&nbsp;&nbsp; The location where tutors and counselors conduct research on potential program candidates.<\/em><\/p>\n\n\n<div class=\"wp-block-image\">\n<figure class=\"aligncenter size-large is-resized\"><img loading=\"lazy\" decoding=\"async\" width=\"1024\" height=\"704\" src=\"https:\/\/fundacionvag.org\/wp-content\/uploads\/2023\/10\/ESTANTERIA-DE-LIBROS-1024x704.jpg\" alt=\"\" class=\"wp-image-83\" style=\"aspect-ratio:1.4540816326530612;width:469px;height:auto\" srcset=\"https:\/\/fundacionvag.org\/wp-content\/uploads\/2023\/10\/ESTANTERIA-DE-LIBROS-1024x704.jpg 1024w, https:\/\/fundacionvag.org\/wp-content\/uploads\/2023\/10\/ESTANTERIA-DE-LIBROS-300x206.jpg 300w, https:\/\/fundacionvag.org\/wp-content\/uploads\/2023\/10\/ESTANTERIA-DE-LIBROS-768x528.jpg 768w, https:\/\/fundacionvag.org\/wp-content\/uploads\/2023\/10\/ESTANTERIA-DE-LIBROS-1536x1056.jpg 1536w, https:\/\/fundacionvag.org\/wp-content\/uploads\/2023\/10\/ESTANTERIA-DE-LIBROS-2048x1408.jpg 2048w\" sizes=\"auto, (max-width: 1024px) 100vw, 1024px\" \/><\/figure>\n<\/div>\n\n\n<p><strong><em>3. Families<\/em><\/strong><\/p>\n\n\n\n<p><em>&nbsp;&nbsp;&nbsp;&nbsp;&nbsp;&nbsp;&nbsp;&nbsp;&nbsp;&nbsp;&nbsp;&nbsp;&nbsp;&nbsp; Furnish the students\u2019 parents with the information about their children\u2019s participation in the Programme.<\/em><\/p>\n\n\n\n<p><em>&nbsp;&nbsp;&nbsp;&nbsp;&nbsp;&nbsp;&nbsp;&nbsp;&nbsp;&nbsp;&nbsp;&nbsp;&nbsp;&nbsp; Making parents fully aware of intervention options that are offered for their child in the Foundation's Programme.<\/em><\/p>\n\n\n<div class=\"wp-block-image\">\n<figure class=\"aligncenter size-large is-resized\"><img loading=\"lazy\" decoding=\"async\" width=\"999\" height=\"1024\" src=\"https:\/\/fundacionvag.org\/wp-content\/uploads\/2023\/10\/FAMILIA-1-999x1024.jpg\" alt=\"\" class=\"wp-image-85\" style=\"aspect-ratio:0.9755859375;width:428px;height:auto\" srcset=\"https:\/\/fundacionvag.org\/wp-content\/uploads\/2023\/10\/FAMILIA-1-999x1024.jpg 999w, https:\/\/fundacionvag.org\/wp-content\/uploads\/2023\/10\/FAMILIA-1-293x300.jpg 293w, https:\/\/fundacionvag.org\/wp-content\/uploads\/2023\/10\/FAMILIA-1-768x787.jpg 768w, https:\/\/fundacionvag.org\/wp-content\/uploads\/2023\/10\/FAMILIA-1.jpg 1385w\" sizes=\"auto, (max-width: 999px) 100vw, 999px\" \/><\/figure>\n<\/div>\n\n\n<p><strong><em>4. Social Context<\/em><\/strong><em><\/em><\/p>\n\n\n\n<p><em>&nbsp;&nbsp;&nbsp;&nbsp;&nbsp;&nbsp;&nbsp;&nbsp;&nbsp;&nbsp;&nbsp;&nbsp;&nbsp;&nbsp; The main aim of the social context is to facilitate mutual enrichment by exchanging information about the cultural offerings of the Foundation. The foundation will focus on creating a space for exchanging information and cultural offerings.<\/em><\/p>\n\n\n\n<p><em>\u00a0\u00a0\u00a0\u00a0\u00a0\u00a0\u00a0\u00a0\u00a0\u00a0\u00a0\u00a0<\/em><\/p>\n\n\n<div class=\"wp-block-image\">\n<figure class=\"aligncenter size-large is-resized\"><img loading=\"lazy\" decoding=\"async\" width=\"1024\" height=\"773\" src=\"https:\/\/fundacionvag.org\/wp-content\/uploads\/2023\/10\/AULA-1024x773.jpg\" alt=\"\" class=\"wp-image-82\" style=\"aspect-ratio:1.3247089262613196;width:419px;height:auto\" srcset=\"https:\/\/fundacionvag.org\/wp-content\/uploads\/2023\/10\/AULA-1024x773.jpg 1024w, https:\/\/fundacionvag.org\/wp-content\/uploads\/2023\/10\/AULA-300x226.jpg 300w, https:\/\/fundacionvag.org\/wp-content\/uploads\/2023\/10\/AULA-768x579.jpg 768w, https:\/\/fundacionvag.org\/wp-content\/uploads\/2023\/10\/AULA-1536x1159.jpg 1536w, https:\/\/fundacionvag.org\/wp-content\/uploads\/2023\/10\/AULA-2048x1545.jpg 2048w\" sizes=\"auto, (max-width: 1024px) 100vw, 1024px\" \/><\/figure>\n<\/div>","protected":false},"excerpt":{"rendered":"<p>Consiste en cuatro ejes fundamentales de intervenci\u00f3n: 1. Alumnado. Estudiante, asociado. 2. Centros. Centro de ense\u00f1anza, instituciones de ense\u00f1anza &nbsp;&nbsp;&nbsp;&nbsp;&nbsp;&nbsp;&nbsp;&nbsp;&nbsp;&nbsp;&nbsp;&nbsp;&nbsp;&nbsp; Se lleva a cabo un intercambio de informaci\u00f3n con tutores y\/o orientadores sobre los participantes en el Programa. &nbsp;&nbsp;&nbsp;&nbsp;&nbsp;&nbsp;&nbsp;&nbsp;&nbsp;&nbsp;&nbsp;&nbsp;&nbsp;&nbsp; Lugar donde se realiza la investigaci\u00f3n con los tutores y\/o orientadores sobre los posibles candidatos a dicho Programa. 3. Familias. &nbsp;&nbsp;&nbsp;&nbsp;&nbsp;&nbsp;&nbsp;&nbsp;&nbsp;&nbsp;&nbsp;&nbsp;&nbsp;&nbsp; Se facilita a padres informaci\u00f3n sobre la participaci\u00f3n de sus hijos en el Programa. &nbsp;&nbsp;&nbsp;&nbsp;&nbsp;&nbsp;&nbsp;&nbsp;&nbsp;&nbsp;&nbsp;&nbsp;&nbsp;&nbsp; Se pone a disposici\u00f3n de los padres las opciones y datos que se le ofrece a su hijo para la intervenci\u00f3n en el programa de la Fundaci\u00f3n. 4. Contexto Social. &nbsp;&nbsp;&nbsp;&nbsp;&nbsp;&nbsp;&nbsp;&nbsp;&nbsp;&nbsp;&nbsp;&nbsp;&nbsp;&nbsp; Se pretende configurar un espacio de enriquecimiento mutuo intercambiando informaci\u00f3n de las ofertas culturales de la propia Fundaci\u00f3n. \u00a0\u00a0\u00a0\u00a0\u00a0\u00a0\u00a0\u00a0\u00a0\u00a0\u00a0\u00a0<\/p>","protected":false},"author":1,"featured_media":0,"parent":0,"menu_order":0,"comment_status":"closed","ping_status":"closed","template":"","meta":{"footnotes":""},"class_list":["post-47","page","type-page","status-publish","hentry"],"yoast_head":"<!-- This site is optimized with the Yoast SEO plugin v21.5 - https:\/\/yoast.com\/wordpress\/plugins\/seo\/ -->\n<title>Ejes de la intervenci\u00f3n - Fundaci\u00f3n V\u00edctor Abughattas<\/title>\n<meta name=\"robots\" content=\"index, follow, max-snippet:-1, max-image-preview:large, max-video-preview:-1\" \/>\n<link rel=\"canonical\" href=\"https:\/\/fundacionvag.org\/en\/ejes-de-la-intervencion-de-la-fundacion\/\" \/>\n<meta property=\"og:locale\" content=\"en_GB\" \/>\n<meta property=\"og:type\" content=\"article\" \/>\n<meta property=\"og:title\" content=\"Ejes de la intervenci\u00f3n - Fundaci\u00f3n V\u00edctor Abughattas\" \/>\n<meta property=\"og:description\" content=\"Consiste en cuatro ejes fundamentales de intervenci\u00f3n: 1. Alumnado. Estudiante, asociado. 2. Centros. Centro de ense\u00f1anza, instituciones de ense\u00f1anza &nbsp;&nbsp;&nbsp;&nbsp;&nbsp;&nbsp;&nbsp;&nbsp;&nbsp;&nbsp;&nbsp;&nbsp;&nbsp;&nbsp; Se lleva a cabo un intercambio de informaci\u00f3n con tutores y\/o orientadores sobre los participantes en el Programa. &nbsp;&nbsp;&nbsp;&nbsp;&nbsp;&nbsp;&nbsp;&nbsp;&nbsp;&nbsp;&nbsp;&nbsp;&nbsp;&nbsp; Lugar donde se realiza la investigaci\u00f3n con los tutores y\/o orientadores sobre los posibles candidatos a dicho Programa. 3. Familias. &nbsp;&nbsp;&nbsp;&nbsp;&nbsp;&nbsp;&nbsp;&nbsp;&nbsp;&nbsp;&nbsp;&nbsp;&nbsp;&nbsp; Se facilita a padres informaci\u00f3n sobre la participaci\u00f3n de sus hijos en el Programa. &nbsp;&nbsp;&nbsp;&nbsp;&nbsp;&nbsp;&nbsp;&nbsp;&nbsp;&nbsp;&nbsp;&nbsp;&nbsp;&nbsp; Se pone a disposici\u00f3n de los padres las opciones y datos que se le ofrece a su hijo para la intervenci\u00f3n en el programa de la Fundaci\u00f3n. 4. Contexto Social. &nbsp;&nbsp;&nbsp;&nbsp;&nbsp;&nbsp;&nbsp;&nbsp;&nbsp;&nbsp;&nbsp;&nbsp;&nbsp;&nbsp; Se pretende configurar un espacio de enriquecimiento mutuo intercambiando informaci\u00f3n de las ofertas culturales de la propia Fundaci\u00f3n. \u00a0\u00a0\u00a0\u00a0\u00a0\u00a0\u00a0\u00a0\u00a0\u00a0\u00a0\u00a0\" \/>\n<meta property=\"og:url\" content=\"https:\/\/fundacionvag.org\/en\/ejes-de-la-intervencion-de-la-fundacion\/\" \/>\n<meta property=\"og:site_name\" content=\"Fundaci\u00f3n V\u00edctor Abughattas\" \/>\n<meta property=\"article:modified_time\" content=\"2023-11-29T13:06:24+00:00\" \/>\n<meta property=\"og:image\" content=\"https:\/\/fundacionvag.org\/wp-content\/uploads\/2023\/10\/NINOS-LEYENDO-EN-SILLA-1024x845.jpg\" \/>\n<meta name=\"twitter:card\" content=\"summary_large_image\" \/>\n<meta name=\"twitter:label1\" content=\"Estimated reading time\" \/>\n\t<meta name=\"twitter:data1\" content=\"2 minutes\" \/>\n<script type=\"application\/ld+json\" class=\"yoast-schema-graph\">{\"@context\":\"https:\/\/schema.org\",\"@graph\":[{\"@type\":\"WebPage\",\"@id\":\"https:\/\/fundacionvag.org\/ejes-de-la-intervencion-de-la-fundacion\/\",\"url\":\"https:\/\/fundacionvag.org\/ejes-de-la-intervencion-de-la-fundacion\/\",\"name\":\"Ejes de la intervenci\u00f3n - Fundaci\u00f3n V\u00edctor Abughattas\",\"isPartOf\":{\"@id\":\"http:\/\/fundacionvag.org\/es_es\/#website\"},\"datePublished\":\"2023-10-20T10:15:07+00:00\",\"dateModified\":\"2023-11-29T13:06:24+00:00\",\"breadcrumb\":{\"@id\":\"https:\/\/fundacionvag.org\/ejes-de-la-intervencion-de-la-fundacion\/#breadcrumb\"},\"inLanguage\":\"en-GB\",\"potentialAction\":[{\"@type\":\"ReadAction\",\"target\":[\"https:\/\/fundacionvag.org\/ejes-de-la-intervencion-de-la-fundacion\/\"]}]},{\"@type\":\"BreadcrumbList\",\"@id\":\"https:\/\/fundacionvag.org\/ejes-de-la-intervencion-de-la-fundacion\/#breadcrumb\",\"itemListElement\":[{\"@type\":\"ListItem\",\"position\":1,\"name\":\"Portada\",\"item\":\"https:\/\/fundacionvag.org\/\"},{\"@type\":\"ListItem\",\"position\":2,\"name\":\"Ejes de la intervenci\u00f3n\"}]},{\"@type\":\"WebSite\",\"@id\":\"http:\/\/fundacionvag.org\/es_es\/#website\",\"url\":\"http:\/\/fundacionvag.org\/es_es\/\",\"name\":\"Fundaci\u00f3n V\u00edctor Abughattas\",\"description\":\"\u201d Ayudas Programadas a Alumnos de Altas Capacidades.\u201d\",\"publisher\":{\"@id\":\"http:\/\/fundacionvag.org\/es_es\/#organization\"},\"potentialAction\":[{\"@type\":\"SearchAction\",\"target\":{\"@type\":\"EntryPoint\",\"urlTemplate\":\"http:\/\/fundacionvag.org\/es_es\/?s={search_term_string}\"},\"query-input\":\"required name=search_term_string\"}],\"inLanguage\":\"en-GB\"},{\"@type\":\"Organization\",\"@id\":\"http:\/\/fundacionvag.org\/es_es\/#organization\",\"name\":\"Fundaci\u00f3n V\u00edctor Abughattas\",\"url\":\"http:\/\/fundacionvag.org\/es_es\/\",\"logo\":{\"@type\":\"ImageObject\",\"inLanguage\":\"en-GB\",\"@id\":\"http:\/\/fundacionvag.org\/es_es\/#\/schema\/logo\/image\/\",\"url\":\"https:\/\/fundacionvag.org\/wp-content\/uploads\/2023\/10\/LOGO-PAG-WEB-texto-scaled.jpg\",\"contentUrl\":\"https:\/\/fundacionvag.org\/wp-content\/uploads\/2023\/10\/LOGO-PAG-WEB-texto-scaled.jpg\",\"width\":2560,\"height\":717,\"caption\":\"Fundaci\u00f3n V\u00edctor Abughattas\"},\"image\":{\"@id\":\"http:\/\/fundacionvag.org\/es_es\/#\/schema\/logo\/image\/\"}}]}<\/script>\n<!-- \/ Yoast SEO plugin. -->","yoast_head_json":{"title":"Ejes de la intervenci\u00f3n - Fundaci\u00f3n V\u00edctor Abughattas","robots":{"index":"index","follow":"follow","max-snippet":"max-snippet:-1","max-image-preview":"max-image-preview:large","max-video-preview":"max-video-preview:-1"},"canonical":"https:\/\/fundacionvag.org\/en\/ejes-de-la-intervencion-de-la-fundacion\/","og_locale":"en_GB","og_type":"article","og_title":"Ejes de la intervenci\u00f3n - Fundaci\u00f3n V\u00edctor Abughattas","og_description":"Consiste en cuatro ejes fundamentales de intervenci\u00f3n: 1. Alumnado. Estudiante, asociado. 2. Centros. Centro de ense\u00f1anza, instituciones de ense\u00f1anza &nbsp;&nbsp;&nbsp;&nbsp;&nbsp;&nbsp;&nbsp;&nbsp;&nbsp;&nbsp;&nbsp;&nbsp;&nbsp;&nbsp; Se lleva a cabo un intercambio de informaci\u00f3n con tutores y\/o orientadores sobre los participantes en el Programa. &nbsp;&nbsp;&nbsp;&nbsp;&nbsp;&nbsp;&nbsp;&nbsp;&nbsp;&nbsp;&nbsp;&nbsp;&nbsp;&nbsp; Lugar donde se realiza la investigaci\u00f3n con los tutores y\/o orientadores sobre los posibles candidatos a dicho Programa. 3. Familias. &nbsp;&nbsp;&nbsp;&nbsp;&nbsp;&nbsp;&nbsp;&nbsp;&nbsp;&nbsp;&nbsp;&nbsp;&nbsp;&nbsp; Se facilita a padres informaci\u00f3n sobre la participaci\u00f3n de sus hijos en el Programa. &nbsp;&nbsp;&nbsp;&nbsp;&nbsp;&nbsp;&nbsp;&nbsp;&nbsp;&nbsp;&nbsp;&nbsp;&nbsp;&nbsp; Se pone a disposici\u00f3n de los padres las opciones y datos que se le ofrece a su hijo para la intervenci\u00f3n en el programa de la Fundaci\u00f3n. 4. Contexto Social. &nbsp;&nbsp;&nbsp;&nbsp;&nbsp;&nbsp;&nbsp;&nbsp;&nbsp;&nbsp;&nbsp;&nbsp;&nbsp;&nbsp; Se pretende configurar un espacio de enriquecimiento mutuo intercambiando informaci\u00f3n de las ofertas culturales de la propia Fundaci\u00f3n. \u00a0\u00a0\u00a0\u00a0\u00a0\u00a0\u00a0\u00a0\u00a0\u00a0\u00a0\u00a0","og_url":"https:\/\/fundacionvag.org\/en\/ejes-de-la-intervencion-de-la-fundacion\/","og_site_name":"Fundaci\u00f3n V\u00edctor Abughattas","article_modified_time":"2023-11-29T13:06:24+00:00","og_image":[{"url":"https:\/\/fundacionvag.org\/wp-content\/uploads\/2023\/10\/NINOS-LEYENDO-EN-SILLA-1024x845.jpg"}],"twitter_card":"summary_large_image","twitter_misc":{"Estimated reading time":"2 minutes"},"schema":{"@context":"https:\/\/schema.org","@graph":[{"@type":"WebPage","@id":"https:\/\/fundacionvag.org\/ejes-de-la-intervencion-de-la-fundacion\/","url":"https:\/\/fundacionvag.org\/ejes-de-la-intervencion-de-la-fundacion\/","name":"Ejes de la intervenci\u00f3n - Fundaci\u00f3n V\u00edctor Abughattas","isPartOf":{"@id":"http:\/\/fundacionvag.org\/es_es\/#website"},"datePublished":"2023-10-20T10:15:07+00:00","dateModified":"2023-11-29T13:06:24+00:00","breadcrumb":{"@id":"https:\/\/fundacionvag.org\/ejes-de-la-intervencion-de-la-fundacion\/#breadcrumb"},"inLanguage":"en-GB","potentialAction":[{"@type":"ReadAction","target":["https:\/\/fundacionvag.org\/ejes-de-la-intervencion-de-la-fundacion\/"]}]},{"@type":"BreadcrumbList","@id":"https:\/\/fundacionvag.org\/ejes-de-la-intervencion-de-la-fundacion\/#breadcrumb","itemListElement":[{"@type":"ListItem","position":1,"name":"Portada","item":"https:\/\/fundacionvag.org\/"},{"@type":"ListItem","position":2,"name":"Ejes de la intervenci\u00f3n"}]},{"@type":"WebSite","@id":"http:\/\/fundacionvag.org\/es_es\/#website","url":"http:\/\/fundacionvag.org\/es_es\/","name":"Fundaci\u00f3n V\u00edctor Abughattas","description":"\u201d Ayudas Programadas a Alumnos de Altas Capacidades.\u201d","publisher":{"@id":"http:\/\/fundacionvag.org\/es_es\/#organization"},"potentialAction":[{"@type":"SearchAction","target":{"@type":"EntryPoint","urlTemplate":"http:\/\/fundacionvag.org\/es_es\/?s={search_term_string}"},"query-input":"required name=search_term_string"}],"inLanguage":"en-GB"},{"@type":"Organization","@id":"http:\/\/fundacionvag.org\/es_es\/#organization","name":"Fundaci\u00f3n V\u00edctor Abughattas","url":"http:\/\/fundacionvag.org\/es_es\/","logo":{"@type":"ImageObject","inLanguage":"en-GB","@id":"http:\/\/fundacionvag.org\/es_es\/#\/schema\/logo\/image\/","url":"https:\/\/fundacionvag.org\/wp-content\/uploads\/2023\/10\/LOGO-PAG-WEB-texto-scaled.jpg","contentUrl":"https:\/\/fundacionvag.org\/wp-content\/uploads\/2023\/10\/LOGO-PAG-WEB-texto-scaled.jpg","width":2560,"height":717,"caption":"Fundaci\u00f3n V\u00edctor Abughattas"},"image":{"@id":"http:\/\/fundacionvag.org\/es_es\/#\/schema\/logo\/image\/"}}]}},"_links":{"self":[{"href":"https:\/\/fundacionvag.org\/en\/wp-json\/wp\/v2\/pages\/47","targetHints":{"allow":["GET"]}}],"collection":[{"href":"https:\/\/fundacionvag.org\/en\/wp-json\/wp\/v2\/pages"}],"about":[{"href":"https:\/\/fundacionvag.org\/en\/wp-json\/wp\/v2\/types\/page"}],"author":[{"embeddable":true,"href":"https:\/\/fundacionvag.org\/en\/wp-json\/wp\/v2\/users\/1"}],"replies":[{"embeddable":true,"href":"https:\/\/fundacionvag.org\/en\/wp-json\/wp\/v2\/comments?post=47"}],"version-history":[{"count":6,"href":"https:\/\/fundacionvag.org\/en\/wp-json\/wp\/v2\/pages\/47\/revisions"}],"predecessor-version":[{"id":272,"href":"https:\/\/fundacionvag.org\/en\/wp-json\/wp\/v2\/pages\/47\/revisions\/272"}],"wp:attachment":[{"href":"https:\/\/fundacionvag.org\/en\/wp-json\/wp\/v2\/media?parent=47"}],"curies":[{"name":"wp","href":"https:\/\/api.w.org\/{rel}","templated":true}]}}