{"id":42,"date":"2023-10-20T10:00:39","date_gmt":"2023-10-20T10:00:39","guid":{"rendered":"https:\/\/fundacionvag.org\/?page_id=42"},"modified":"2023-11-08T20:34:49","modified_gmt":"2023-11-08T20:34:49","slug":"destinatarios-del-programa","status":"publish","type":"page","link":"https:\/\/fundacionvag.org\/en\/destinatarios-del-programa\/","title":{"rendered":"Program recipients"},"content":{"rendered":"<p><em>The participating students are those enrolled in primary and secondary education.<\/em><\/p>\n\n\n\n<p><em>Candidates for this program are nominated by school teachers and approved by an assessment committee appointed by the Foundation. However, fulfilling all the requirements, such as the authorization of their families and informing the educational center from where they come from.<\/em><\/p>\n\n\n<div class=\"wp-block-image\">\n<figure class=\"aligncenter size-large is-resized\"><img loading=\"lazy\" decoding=\"async\" width=\"1024\" height=\"670\" src=\"https:\/\/fundacionvag.org\/wp-content\/uploads\/2023\/10\/NINA-Y-NINO-1024x670.jpg\" alt=\"\" class=\"wp-image-58\" style=\"aspect-ratio:1.528358208955224;width:565px;height:auto\" srcset=\"https:\/\/fundacionvag.org\/wp-content\/uploads\/2023\/10\/NINA-Y-NINO-1024x670.jpg 1024w, https:\/\/fundacionvag.org\/wp-content\/uploads\/2023\/10\/NINA-Y-NINO-300x196.jpg 300w, https:\/\/fundacionvag.org\/wp-content\/uploads\/2023\/10\/NINA-Y-NINO-768x503.jpg 768w, https:\/\/fundacionvag.org\/wp-content\/uploads\/2023\/10\/NINA-Y-NINO-1536x1005.jpg 1536w, https:\/\/fundacionvag.org\/wp-content\/uploads\/2023\/10\/NINA-Y-NINO.jpg 1931w\" sizes=\"auto, (max-width: 1024px) 100vw, 1024px\" \/><\/figure>\n<\/div>","protected":false},"excerpt":{"rendered":"<p>Los alumnos participantes son aquellos que cursan educaci\u00f3n primaria y secundaria. Los candidatos para este programa son propuestos por los profesores de los colegios y se aprueban por una comisi\u00f3n de valoraci\u00f3n avanzada asignada por la Fundaci\u00f3n.\u00a0 Cumpliendo con todos los requisitos previos como la autorizaci\u00f3n de sus familias y\/o la informaci\u00f3n al centro educativo de donde proceden.<\/p>","protected":false},"author":1,"featured_media":0,"parent":0,"menu_order":0,"comment_status":"closed","ping_status":"closed","template":"","meta":{"footnotes":""},"class_list":["post-42","page","type-page","status-publish","hentry"],"yoast_head":"<!-- This site is optimized with the Yoast SEO plugin v21.5 - https:\/\/yoast.com\/wordpress\/plugins\/seo\/ -->\n<title>Destinatarios del programa - Fundaci\u00f3n V\u00edctor Abughattas<\/title>\n<meta name=\"robots\" content=\"index, follow, max-snippet:-1, max-image-preview:large, max-video-preview:-1\" \/>\n<link rel=\"canonical\" href=\"https:\/\/fundacionvag.org\/en\/destinatarios-del-programa\/\" \/>\n<meta property=\"og:locale\" content=\"en_GB\" \/>\n<meta property=\"og:type\" content=\"article\" \/>\n<meta property=\"og:title\" content=\"Destinatarios del programa - Fundaci\u00f3n V\u00edctor Abughattas\" \/>\n<meta property=\"og:description\" content=\"Los alumnos participantes son aquellos que cursan educaci\u00f3n primaria y secundaria. Los candidatos para este programa son propuestos por los profesores de los colegios y se aprueban por una comisi\u00f3n de valoraci\u00f3n avanzada asignada por la Fundaci\u00f3n.\u00a0 Cumpliendo con todos los requisitos previos como la autorizaci\u00f3n de sus familias y\/o la informaci\u00f3n al centro educativo de donde proceden.\" \/>\n<meta property=\"og:url\" content=\"https:\/\/fundacionvag.org\/en\/destinatarios-del-programa\/\" \/>\n<meta property=\"og:site_name\" content=\"Fundaci\u00f3n V\u00edctor Abughattas\" \/>\n<meta property=\"article:modified_time\" content=\"2023-11-08T20:34:49+00:00\" \/>\n<meta property=\"og:image\" content=\"https:\/\/fundacionvag.org\/wp-content\/uploads\/2023\/10\/NINA-Y-NINO-1024x670.jpg\" \/>\n<meta name=\"twitter:card\" content=\"summary_large_image\" \/>\n<script type=\"application\/ld+json\" class=\"yoast-schema-graph\">{\"@context\":\"https:\/\/schema.org\",\"@graph\":[{\"@type\":\"WebPage\",\"@id\":\"https:\/\/fundacionvag.org\/destinatarios-del-programa\/\",\"url\":\"https:\/\/fundacionvag.org\/destinatarios-del-programa\/\",\"name\":\"Destinatarios del programa - Fundaci\u00f3n V\u00edctor Abughattas\",\"isPartOf\":{\"@id\":\"http:\/\/fundacionvag.org\/es_es\/#website\"},\"datePublished\":\"2023-10-20T10:00:39+00:00\",\"dateModified\":\"2023-11-08T20:34:49+00:00\",\"breadcrumb\":{\"@id\":\"https:\/\/fundacionvag.org\/destinatarios-del-programa\/#breadcrumb\"},\"inLanguage\":\"en-GB\",\"potentialAction\":[{\"@type\":\"ReadAction\",\"target\":[\"https:\/\/fundacionvag.org\/destinatarios-del-programa\/\"]}]},{\"@type\":\"BreadcrumbList\",\"@id\":\"https:\/\/fundacionvag.org\/destinatarios-del-programa\/#breadcrumb\",\"itemListElement\":[{\"@type\":\"ListItem\",\"position\":1,\"name\":\"Portada\",\"item\":\"https:\/\/fundacionvag.org\/\"},{\"@type\":\"ListItem\",\"position\":2,\"name\":\"Destinatarios del programa\"}]},{\"@type\":\"WebSite\",\"@id\":\"http:\/\/fundacionvag.org\/es_es\/#website\",\"url\":\"http:\/\/fundacionvag.org\/es_es\/\",\"name\":\"Fundaci\u00f3n V\u00edctor Abughattas\",\"description\":\"\u201d Ayudas Programadas a Alumnos de Altas Capacidades.\u201d\",\"publisher\":{\"@id\":\"http:\/\/fundacionvag.org\/es_es\/#organization\"},\"potentialAction\":[{\"@type\":\"SearchAction\",\"target\":{\"@type\":\"EntryPoint\",\"urlTemplate\":\"http:\/\/fundacionvag.org\/es_es\/?s={search_term_string}\"},\"query-input\":\"required name=search_term_string\"}],\"inLanguage\":\"en-GB\"},{\"@type\":\"Organization\",\"@id\":\"http:\/\/fundacionvag.org\/es_es\/#organization\",\"name\":\"Fundaci\u00f3n V\u00edctor Abughattas\",\"url\":\"http:\/\/fundacionvag.org\/es_es\/\",\"logo\":{\"@type\":\"ImageObject\",\"inLanguage\":\"en-GB\",\"@id\":\"http:\/\/fundacionvag.org\/es_es\/#\/schema\/logo\/image\/\",\"url\":\"https:\/\/fundacionvag.org\/wp-content\/uploads\/2023\/10\/LOGO-PAG-WEB-texto-scaled.jpg\",\"contentUrl\":\"https:\/\/fundacionvag.org\/wp-content\/uploads\/2023\/10\/LOGO-PAG-WEB-texto-scaled.jpg\",\"width\":2560,\"height\":717,\"caption\":\"Fundaci\u00f3n V\u00edctor Abughattas\"},\"image\":{\"@id\":\"http:\/\/fundacionvag.org\/es_es\/#\/schema\/logo\/image\/\"}}]}<\/script>\n<!-- \/ Yoast SEO plugin. -->","yoast_head_json":{"title":"Destinatarios del programa - Fundaci\u00f3n V\u00edctor Abughattas","robots":{"index":"index","follow":"follow","max-snippet":"max-snippet:-1","max-image-preview":"max-image-preview:large","max-video-preview":"max-video-preview:-1"},"canonical":"https:\/\/fundacionvag.org\/en\/destinatarios-del-programa\/","og_locale":"en_GB","og_type":"article","og_title":"Destinatarios del programa - Fundaci\u00f3n V\u00edctor Abughattas","og_description":"Los alumnos participantes son aquellos que cursan educaci\u00f3n primaria y secundaria. Los candidatos para este programa son propuestos por los profesores de los colegios y se aprueban por una comisi\u00f3n de valoraci\u00f3n avanzada asignada por la Fundaci\u00f3n.\u00a0 Cumpliendo con todos los requisitos previos como la autorizaci\u00f3n de sus familias y\/o la informaci\u00f3n al centro educativo de donde proceden.","og_url":"https:\/\/fundacionvag.org\/en\/destinatarios-del-programa\/","og_site_name":"Fundaci\u00f3n V\u00edctor Abughattas","article_modified_time":"2023-11-08T20:34:49+00:00","og_image":[{"url":"https:\/\/fundacionvag.org\/wp-content\/uploads\/2023\/10\/NINA-Y-NINO-1024x670.jpg"}],"twitter_card":"summary_large_image","schema":{"@context":"https:\/\/schema.org","@graph":[{"@type":"WebPage","@id":"https:\/\/fundacionvag.org\/destinatarios-del-programa\/","url":"https:\/\/fundacionvag.org\/destinatarios-del-programa\/","name":"Destinatarios del programa - Fundaci\u00f3n V\u00edctor Abughattas","isPartOf":{"@id":"http:\/\/fundacionvag.org\/es_es\/#website"},"datePublished":"2023-10-20T10:00:39+00:00","dateModified":"2023-11-08T20:34:49+00:00","breadcrumb":{"@id":"https:\/\/fundacionvag.org\/destinatarios-del-programa\/#breadcrumb"},"inLanguage":"en-GB","potentialAction":[{"@type":"ReadAction","target":["https:\/\/fundacionvag.org\/destinatarios-del-programa\/"]}]},{"@type":"BreadcrumbList","@id":"https:\/\/fundacionvag.org\/destinatarios-del-programa\/#breadcrumb","itemListElement":[{"@type":"ListItem","position":1,"name":"Portada","item":"https:\/\/fundacionvag.org\/"},{"@type":"ListItem","position":2,"name":"Destinatarios del programa"}]},{"@type":"WebSite","@id":"http:\/\/fundacionvag.org\/es_es\/#website","url":"http:\/\/fundacionvag.org\/es_es\/","name":"Fundaci\u00f3n V\u00edctor Abughattas","description":"\u201d Ayudas Programadas a Alumnos de Altas Capacidades.\u201d","publisher":{"@id":"http:\/\/fundacionvag.org\/es_es\/#organization"},"potentialAction":[{"@type":"SearchAction","target":{"@type":"EntryPoint","urlTemplate":"http:\/\/fundacionvag.org\/es_es\/?s={search_term_string}"},"query-input":"required name=search_term_string"}],"inLanguage":"en-GB"},{"@type":"Organization","@id":"http:\/\/fundacionvag.org\/es_es\/#organization","name":"Fundaci\u00f3n V\u00edctor Abughattas","url":"http:\/\/fundacionvag.org\/es_es\/","logo":{"@type":"ImageObject","inLanguage":"en-GB","@id":"http:\/\/fundacionvag.org\/es_es\/#\/schema\/logo\/image\/","url":"https:\/\/fundacionvag.org\/wp-content\/uploads\/2023\/10\/LOGO-PAG-WEB-texto-scaled.jpg","contentUrl":"https:\/\/fundacionvag.org\/wp-content\/uploads\/2023\/10\/LOGO-PAG-WEB-texto-scaled.jpg","width":2560,"height":717,"caption":"Fundaci\u00f3n V\u00edctor Abughattas"},"image":{"@id":"http:\/\/fundacionvag.org\/es_es\/#\/schema\/logo\/image\/"}}]}},"_links":{"self":[{"href":"https:\/\/fundacionvag.org\/en\/wp-json\/wp\/v2\/pages\/42","targetHints":{"allow":["GET"]}}],"collection":[{"href":"https:\/\/fundacionvag.org\/en\/wp-json\/wp\/v2\/pages"}],"about":[{"href":"https:\/\/fundacionvag.org\/en\/wp-json\/wp\/v2\/types\/page"}],"author":[{"embeddable":true,"href":"https:\/\/fundacionvag.org\/en\/wp-json\/wp\/v2\/users\/1"}],"replies":[{"embeddable":true,"href":"https:\/\/fundacionvag.org\/en\/wp-json\/wp\/v2\/comments?post=42"}],"version-history":[{"count":6,"href":"https:\/\/fundacionvag.org\/en\/wp-json\/wp\/v2\/pages\/42\/revisions"}],"predecessor-version":[{"id":257,"href":"https:\/\/fundacionvag.org\/en\/wp-json\/wp\/v2\/pages\/42\/revisions\/257"}],"wp:attachment":[{"href":"https:\/\/fundacionvag.org\/en\/wp-json\/wp\/v2\/media?parent=42"}],"curies":[{"name":"wp","href":"https:\/\/api.w.org\/{rel}","templated":true}]}}