{"id":39,"date":"2023-10-20T09:56:58","date_gmt":"2023-10-20T09:56:58","guid":{"rendered":"https:\/\/fundacionvag.org\/?page_id=39"},"modified":"2023-11-29T13:05:45","modified_gmt":"2023-11-29T13:05:45","slug":"objetivos-de-la-fundacion","status":"publish","type":"page","link":"https:\/\/fundacionvag.org\/en\/objetivos-de-la-fundacion\/","title":{"rendered":"Objectives"},"content":{"rendered":"<p><strong>Objectives<\/strong><\/p>\n\n\n\n<p><strong><em>The Foundation aims and activities:<\/em><\/strong><\/p>\n\n\n\n<ol class=\"wp-block-list\" style=\"list-style-type:1\">\n<li>Promoting an appropriate education for people with High Abilities.<\/li>\n\n\n\n<li>To encourage adequate training for parents, tutors, educators, and other professionals involved in the subject, for a better understanding and treatment of people with High Abilities.<\/li>\n\n\n\n<li>Enhancing research in High Abilities.<\/li>\n\n\n\n<li>Facilitating the integration of individuals with High Abilities into their social environment.<\/li>\n\n\n\n<li>Promoting the improvement of members' quality of life through education, culture, sports, and social activities at all levels.<\/li>\n\n\n\n<li>The assistance, integration, social and occupational inclusion of disadvantaged groups at risk or in situations of social exclusion for various reasons such as disability, gender, culture, race, and education, etc.<\/li>\n<\/ol>\n\n\n<div class=\"wp-block-image\">\n<figure class=\"aligncenter size-large is-resized\"><img loading=\"lazy\" decoding=\"async\" width=\"1024\" height=\"703\" src=\"https:\/\/fundacionvag.org\/wp-content\/uploads\/2023\/10\/NINA-Y-NINO-LEYENDO-1024x703.jpg\" alt=\"\" class=\"wp-image-60\" style=\"aspect-ratio:1.4566145092460883;width:406px;height:auto\" srcset=\"https:\/\/fundacionvag.org\/wp-content\/uploads\/2023\/10\/NINA-Y-NINO-LEYENDO-1024x703.jpg 1024w, https:\/\/fundacionvag.org\/wp-content\/uploads\/2023\/10\/NINA-Y-NINO-LEYENDO-300x206.jpg 300w, https:\/\/fundacionvag.org\/wp-content\/uploads\/2023\/10\/NINA-Y-NINO-LEYENDO-768x527.jpg 768w, https:\/\/fundacionvag.org\/wp-content\/uploads\/2023\/10\/NINA-Y-NINO-LEYENDO-1536x1054.jpg 1536w, https:\/\/fundacionvag.org\/wp-content\/uploads\/2023\/10\/NINA-Y-NINO-LEYENDO.jpg 1693w\" sizes=\"auto, (max-width: 1024px) 100vw, 1024px\" \/><\/figure>\n<\/div>\n\n\n<p><strong><em>The foundation aims to achieve its objectives through various activities such as:<\/em><\/strong><\/p>\n\n\n\n<ol class=\"wp-block-list\" style=\"list-style-type:lower-alpha\">\n<li>To seek the advice of professionals involved in the education process of people with High Abilities.<\/li>\n\n\n\n<li>To act as an interlocutor with those bodies on whose actions the future of the education of High-Ability students may depend.<\/li>\n\n\n\n<li>To obtain funds to enable the education and development of children with High Abilities.<\/li>\n\n\n\n<li>Conducting courses, seminars, workshops, conferences, and training activities for professionals, educators, or anyone interested.<\/li>\n\n\n\n<li>Organizing exhibitions and workshops (in visual and performing arts etc.).<\/li>\n\n\n\n<li>The foundation promotes federal participations by creating and training teams that engage in registered youth sports competitions.<\/li>\n\n\n\n<li>Promote and organize all kinds of training courses and programs for work and vocational training aimed at people at risk or in a situation of social exclusion<\/li>\n\n\n\n<li>The foundation organizes events related to its aims and campaigns to collect food and clothing for disadvantaged and needy people or groups.<\/li>\n\n\n\n<li>It provides study grants for young people without resources<\/li>\n\n\n\n<li>Promote and support organizations involved in advocating for individuals at risk of social exclusion who align with the foundation's objectives.<\/li>\n\n\n\n<li>The foundation carries out any other activities directed at achieving its aims, as planned by the Board of Trustees, including the implementation of all activities accessory or complementary to the aforementioned.<\/li>\n<\/ol>\n\n\n<div class=\"wp-block-image\">\n<figure class=\"aligncenter size-large is-resized\"><img loading=\"lazy\" decoding=\"async\" width=\"1024\" height=\"776\" src=\"https:\/\/fundacionvag.org\/wp-content\/uploads\/2023\/10\/NINO-EN-SILLA-1024x776.jpg\" alt=\"\" class=\"wp-image-89\" style=\"aspect-ratio:1.3195876288659794;width:478px;height:auto\" srcset=\"https:\/\/fundacionvag.org\/wp-content\/uploads\/2023\/10\/NINO-EN-SILLA-1024x776.jpg 1024w, https:\/\/fundacionvag.org\/wp-content\/uploads\/2023\/10\/NINO-EN-SILLA-300x227.jpg 300w, https:\/\/fundacionvag.org\/wp-content\/uploads\/2023\/10\/NINO-EN-SILLA-768x582.jpg 768w, https:\/\/fundacionvag.org\/wp-content\/uploads\/2023\/10\/NINO-EN-SILLA-1536x1164.jpg 1536w, https:\/\/fundacionvag.org\/wp-content\/uploads\/2023\/10\/NINO-EN-SILLA-2048x1552.jpg 2048w\" sizes=\"auto, (max-width: 1024px) 100vw, 1024px\" \/><\/figure>\n<\/div>","protected":false},"excerpt":{"rendered":"<p>Fines y actividades. La Fundaci\u00f3n persigue los siguientes fines: Para el mejor cumplimiento de sus fines, la Fundaci\u00f3n puede realizar, entre otras, las siguientes actividades:<\/p>","protected":false},"author":1,"featured_media":0,"parent":0,"menu_order":0,"comment_status":"closed","ping_status":"closed","template":"","meta":{"footnotes":""},"class_list":["post-39","page","type-page","status-publish","hentry"],"yoast_head":"<!-- This site is optimized with the Yoast SEO plugin v21.5 - https:\/\/yoast.com\/wordpress\/plugins\/seo\/ -->\n<title>Objetivos - Fundaci\u00f3n V\u00edctor Abughattas<\/title>\n<meta name=\"robots\" content=\"index, follow, max-snippet:-1, max-image-preview:large, max-video-preview:-1\" \/>\n<link rel=\"canonical\" href=\"https:\/\/fundacionvag.org\/en\/objetivos-de-la-fundacion\/\" \/>\n<meta property=\"og:locale\" content=\"en_GB\" \/>\n<meta property=\"og:type\" content=\"article\" \/>\n<meta property=\"og:title\" content=\"Objetivos - Fundaci\u00f3n V\u00edctor Abughattas\" \/>\n<meta property=\"og:description\" content=\"Fines y actividades. La Fundaci\u00f3n persigue los siguientes fines: Para el mejor cumplimiento de sus fines, la Fundaci\u00f3n puede realizar, entre otras, las siguientes actividades:\" \/>\n<meta property=\"og:url\" content=\"https:\/\/fundacionvag.org\/en\/objetivos-de-la-fundacion\/\" \/>\n<meta property=\"og:site_name\" content=\"Fundaci\u00f3n V\u00edctor Abughattas\" \/>\n<meta property=\"article:modified_time\" content=\"2023-11-29T13:05:45+00:00\" \/>\n<meta property=\"og:image\" content=\"https:\/\/fundacionvag.org\/wp-content\/uploads\/2023\/10\/NINA-Y-NINO-LEYENDO-1024x703.jpg\" \/>\n<meta name=\"twitter:card\" content=\"summary_large_image\" \/>\n<meta name=\"twitter:label1\" content=\"Estimated reading time\" \/>\n\t<meta name=\"twitter:data1\" content=\"2 minutes\" \/>\n<script type=\"application\/ld+json\" class=\"yoast-schema-graph\">{\"@context\":\"https:\/\/schema.org\",\"@graph\":[{\"@type\":\"WebPage\",\"@id\":\"https:\/\/fundacionvag.org\/objetivos-de-la-fundacion\/\",\"url\":\"https:\/\/fundacionvag.org\/objetivos-de-la-fundacion\/\",\"name\":\"Objetivos - Fundaci\u00f3n V\u00edctor Abughattas\",\"isPartOf\":{\"@id\":\"http:\/\/fundacionvag.org\/es_es\/#website\"},\"datePublished\":\"2023-10-20T09:56:58+00:00\",\"dateModified\":\"2023-11-29T13:05:45+00:00\",\"breadcrumb\":{\"@id\":\"https:\/\/fundacionvag.org\/objetivos-de-la-fundacion\/#breadcrumb\"},\"inLanguage\":\"en-GB\",\"potentialAction\":[{\"@type\":\"ReadAction\",\"target\":[\"https:\/\/fundacionvag.org\/objetivos-de-la-fundacion\/\"]}]},{\"@type\":\"BreadcrumbList\",\"@id\":\"https:\/\/fundacionvag.org\/objetivos-de-la-fundacion\/#breadcrumb\",\"itemListElement\":[{\"@type\":\"ListItem\",\"position\":1,\"name\":\"Portada\",\"item\":\"https:\/\/fundacionvag.org\/\"},{\"@type\":\"ListItem\",\"position\":2,\"name\":\"Objetivos\"}]},{\"@type\":\"WebSite\",\"@id\":\"http:\/\/fundacionvag.org\/es_es\/#website\",\"url\":\"http:\/\/fundacionvag.org\/es_es\/\",\"name\":\"Fundaci\u00f3n V\u00edctor Abughattas\",\"description\":\"\u201d Ayudas Programadas a Alumnos de Altas Capacidades.\u201d\",\"publisher\":{\"@id\":\"http:\/\/fundacionvag.org\/es_es\/#organization\"},\"potentialAction\":[{\"@type\":\"SearchAction\",\"target\":{\"@type\":\"EntryPoint\",\"urlTemplate\":\"http:\/\/fundacionvag.org\/es_es\/?s={search_term_string}\"},\"query-input\":\"required name=search_term_string\"}],\"inLanguage\":\"en-GB\"},{\"@type\":\"Organization\",\"@id\":\"http:\/\/fundacionvag.org\/es_es\/#organization\",\"name\":\"Fundaci\u00f3n V\u00edctor Abughattas\",\"url\":\"http:\/\/fundacionvag.org\/es_es\/\",\"logo\":{\"@type\":\"ImageObject\",\"inLanguage\":\"en-GB\",\"@id\":\"http:\/\/fundacionvag.org\/es_es\/#\/schema\/logo\/image\/\",\"url\":\"https:\/\/fundacionvag.org\/wp-content\/uploads\/2023\/10\/LOGO-PAG-WEB-texto-scaled.jpg\",\"contentUrl\":\"https:\/\/fundacionvag.org\/wp-content\/uploads\/2023\/10\/LOGO-PAG-WEB-texto-scaled.jpg\",\"width\":2560,\"height\":717,\"caption\":\"Fundaci\u00f3n V\u00edctor Abughattas\"},\"image\":{\"@id\":\"http:\/\/fundacionvag.org\/es_es\/#\/schema\/logo\/image\/\"}}]}<\/script>\n<!-- \/ Yoast SEO plugin. -->","yoast_head_json":{"title":"Objetivos - Fundaci\u00f3n V\u00edctor Abughattas","robots":{"index":"index","follow":"follow","max-snippet":"max-snippet:-1","max-image-preview":"max-image-preview:large","max-video-preview":"max-video-preview:-1"},"canonical":"https:\/\/fundacionvag.org\/en\/objetivos-de-la-fundacion\/","og_locale":"en_GB","og_type":"article","og_title":"Objetivos - Fundaci\u00f3n V\u00edctor Abughattas","og_description":"Fines y actividades. La Fundaci\u00f3n persigue los siguientes fines: Para el mejor cumplimiento de sus fines, la Fundaci\u00f3n puede realizar, entre otras, las siguientes actividades:","og_url":"https:\/\/fundacionvag.org\/en\/objetivos-de-la-fundacion\/","og_site_name":"Fundaci\u00f3n V\u00edctor Abughattas","article_modified_time":"2023-11-29T13:05:45+00:00","og_image":[{"url":"https:\/\/fundacionvag.org\/wp-content\/uploads\/2023\/10\/NINA-Y-NINO-LEYENDO-1024x703.jpg"}],"twitter_card":"summary_large_image","twitter_misc":{"Estimated reading time":"2 minutes"},"schema":{"@context":"https:\/\/schema.org","@graph":[{"@type":"WebPage","@id":"https:\/\/fundacionvag.org\/objetivos-de-la-fundacion\/","url":"https:\/\/fundacionvag.org\/objetivos-de-la-fundacion\/","name":"Objetivos - Fundaci\u00f3n V\u00edctor Abughattas","isPartOf":{"@id":"http:\/\/fundacionvag.org\/es_es\/#website"},"datePublished":"2023-10-20T09:56:58+00:00","dateModified":"2023-11-29T13:05:45+00:00","breadcrumb":{"@id":"https:\/\/fundacionvag.org\/objetivos-de-la-fundacion\/#breadcrumb"},"inLanguage":"en-GB","potentialAction":[{"@type":"ReadAction","target":["https:\/\/fundacionvag.org\/objetivos-de-la-fundacion\/"]}]},{"@type":"BreadcrumbList","@id":"https:\/\/fundacionvag.org\/objetivos-de-la-fundacion\/#breadcrumb","itemListElement":[{"@type":"ListItem","position":1,"name":"Portada","item":"https:\/\/fundacionvag.org\/"},{"@type":"ListItem","position":2,"name":"Objetivos"}]},{"@type":"WebSite","@id":"http:\/\/fundacionvag.org\/es_es\/#website","url":"http:\/\/fundacionvag.org\/es_es\/","name":"Fundaci\u00f3n V\u00edctor Abughattas","description":"\u201d Ayudas Programadas a Alumnos de Altas Capacidades.\u201d","publisher":{"@id":"http:\/\/fundacionvag.org\/es_es\/#organization"},"potentialAction":[{"@type":"SearchAction","target":{"@type":"EntryPoint","urlTemplate":"http:\/\/fundacionvag.org\/es_es\/?s={search_term_string}"},"query-input":"required name=search_term_string"}],"inLanguage":"en-GB"},{"@type":"Organization","@id":"http:\/\/fundacionvag.org\/es_es\/#organization","name":"Fundaci\u00f3n V\u00edctor Abughattas","url":"http:\/\/fundacionvag.org\/es_es\/","logo":{"@type":"ImageObject","inLanguage":"en-GB","@id":"http:\/\/fundacionvag.org\/es_es\/#\/schema\/logo\/image\/","url":"https:\/\/fundacionvag.org\/wp-content\/uploads\/2023\/10\/LOGO-PAG-WEB-texto-scaled.jpg","contentUrl":"https:\/\/fundacionvag.org\/wp-content\/uploads\/2023\/10\/LOGO-PAG-WEB-texto-scaled.jpg","width":2560,"height":717,"caption":"Fundaci\u00f3n V\u00edctor Abughattas"},"image":{"@id":"http:\/\/fundacionvag.org\/es_es\/#\/schema\/logo\/image\/"}}]}},"_links":{"self":[{"href":"https:\/\/fundacionvag.org\/en\/wp-json\/wp\/v2\/pages\/39","targetHints":{"allow":["GET"]}}],"collection":[{"href":"https:\/\/fundacionvag.org\/en\/wp-json\/wp\/v2\/pages"}],"about":[{"href":"https:\/\/fundacionvag.org\/en\/wp-json\/wp\/v2\/types\/page"}],"author":[{"embeddable":true,"href":"https:\/\/fundacionvag.org\/en\/wp-json\/wp\/v2\/users\/1"}],"replies":[{"embeddable":true,"href":"https:\/\/fundacionvag.org\/en\/wp-json\/wp\/v2\/comments?post=39"}],"version-history":[{"count":8,"href":"https:\/\/fundacionvag.org\/en\/wp-json\/wp\/v2\/pages\/39\/revisions"}],"predecessor-version":[{"id":271,"href":"https:\/\/fundacionvag.org\/en\/wp-json\/wp\/v2\/pages\/39\/revisions\/271"}],"wp:attachment":[{"href":"https:\/\/fundacionvag.org\/en\/wp-json\/wp\/v2\/media?parent=39"}],"curies":[{"name":"wp","href":"https:\/\/api.w.org\/{rel}","templated":true}]}}