{"id":32,"date":"2023-10-20T09:18:32","date_gmt":"2023-10-20T09:18:32","guid":{"rendered":"https:\/\/fundacionvag.org\/?page_id=32"},"modified":"2023-10-29T20:25:04","modified_gmt":"2023-10-29T20:25:04","slug":"que-es-la-fundacion-victor-abughattas","status":"publish","type":"page","link":"https:\/\/fundacionvag.org\/en\/que-es-la-fundacion-victor-abughattas\/","title":{"rendered":"What is the Victor Abu Ghattas Foundation?"},"content":{"rendered":"<p class=\"has-medium-font-size\">The available services are voluntary and free of charge outside school hours and do not replace the official curriculum.<\/p>\n\n\n\n<p>It is a complementary study adapted to the needs of each person; students will work to go deeper through experimentation, research, and creation. In addition, to encourage the development of this student sector in various tasks, thoughts, and study environments, as well as in the fields of education, science, technology, arts, artistic-literary, and social sciences.<\/p>\n\n\n\n<p>Thanks to self-funding, personal donations, and collaboration with the educational and industrial sectors, we were able to implement these activities.<\/p>\n\n\n\n<p><\/p>\n\n\n\n<figure class=\"wp-block-image size-large\"><img loading=\"lazy\" decoding=\"async\" width=\"1024\" height=\"411\" src=\"https:\/\/fundacionvag.org\/wp-content\/uploads\/2023\/10\/NINOS-1024x411.jpg\" alt=\"\" class=\"wp-image-56\" srcset=\"https:\/\/fundacionvag.org\/wp-content\/uploads\/2023\/10\/NINOS-1024x411.jpg 1024w, https:\/\/fundacionvag.org\/wp-content\/uploads\/2023\/10\/NINOS-300x120.jpg 300w, https:\/\/fundacionvag.org\/wp-content\/uploads\/2023\/10\/NINOS-768x308.jpg 768w, https:\/\/fundacionvag.org\/wp-content\/uploads\/2023\/10\/NINOS-1536x617.jpg 1536w, https:\/\/fundacionvag.org\/wp-content\/uploads\/2023\/10\/NINOS-2048x822.jpg 2048w\" sizes=\"auto, (max-width: 1024px) 100vw, 1024px\" \/><\/figure>","protected":false},"excerpt":{"rendered":"<p>Los servicios a disposici\u00f3n del alumnado son voluntarios y gratuitos, en horario extraescolar y no sustituyen al curr\u00edculo oficial. Se trata, m\u00e1s bien, de un acompa\u00f1amiento complementario adaptado a las necesidades de cada persona. Los alumnos trabajar\u00e1n para profundizar a trav\u00e9s de la experimentaci\u00f3n, la investigaci\u00f3n y la creaci\u00f3n. Adem\u00e1s, de favorecer el desarrollo de este sector estudiantil en varias tareas, pensamientos y ambientes de estudio. En el \u00e1mbito de la educaci\u00f3n, cient\u00edfico, tecnol\u00f3gico, art\u00edstico, art\u00edstico-literario y social. Se realizan estas actividades gracias a la financiaci\u00f3n propia, donaciones personales y la colaboraci\u00f3n del sector educativo, industrial, etc.<\/p>","protected":false},"author":1,"featured_media":0,"parent":0,"menu_order":0,"comment_status":"closed","ping_status":"closed","template":"","meta":{"footnotes":""},"class_list":["post-32","page","type-page","status-publish","hentry"],"yoast_head":"<!-- This site is optimized with the Yoast SEO plugin v21.5 - https:\/\/yoast.com\/wordpress\/plugins\/seo\/ -->\n<title>\u00bfQu\u00e9 es la Fundaci\u00f3n V\u00edctor Abughattas? - Fundaci\u00f3n V\u00edctor Abughattas<\/title>\n<meta name=\"robots\" content=\"index, follow, max-snippet:-1, max-image-preview:large, max-video-preview:-1\" \/>\n<link rel=\"canonical\" href=\"https:\/\/fundacionvag.org\/en\/que-es-la-fundacion-victor-abughattas\/\" \/>\n<meta property=\"og:locale\" content=\"en_GB\" \/>\n<meta property=\"og:type\" content=\"article\" \/>\n<meta property=\"og:title\" content=\"\u00bfQu\u00e9 es la Fundaci\u00f3n V\u00edctor Abughattas? - Fundaci\u00f3n V\u00edctor Abughattas\" \/>\n<meta property=\"og:description\" content=\"Los servicios a disposici\u00f3n del alumnado son voluntarios y gratuitos, en horario extraescolar y no sustituyen al curr\u00edculo oficial. Se trata, m\u00e1s bien, de un acompa\u00f1amiento complementario adaptado a las necesidades de cada persona. Los alumnos trabajar\u00e1n para profundizar a trav\u00e9s de la experimentaci\u00f3n, la investigaci\u00f3n y la creaci\u00f3n. Adem\u00e1s, de favorecer el desarrollo de este sector estudiantil en varias tareas, pensamientos y ambientes de estudio. En el \u00e1mbito de la educaci\u00f3n, cient\u00edfico, tecnol\u00f3gico, art\u00edstico, art\u00edstico-literario y social. Se realizan estas actividades gracias a la financiaci\u00f3n propia, donaciones personales y la colaboraci\u00f3n del sector educativo, industrial, etc.\" \/>\n<meta property=\"og:url\" content=\"https:\/\/fundacionvag.org\/en\/que-es-la-fundacion-victor-abughattas\/\" \/>\n<meta property=\"og:site_name\" content=\"Fundaci\u00f3n V\u00edctor Abughattas\" \/>\n<meta property=\"article:modified_time\" content=\"2023-10-29T20:25:04+00:00\" \/>\n<meta property=\"og:image\" content=\"https:\/\/fundacionvag.org\/wp-content\/uploads\/2023\/10\/NINOS-1024x411.jpg\" \/>\n<meta name=\"twitter:card\" content=\"summary_large_image\" \/>\n<meta name=\"twitter:label1\" content=\"Estimated reading time\" \/>\n\t<meta name=\"twitter:data1\" content=\"1 minute\" \/>\n<script type=\"application\/ld+json\" class=\"yoast-schema-graph\">{\"@context\":\"https:\/\/schema.org\",\"@graph\":[{\"@type\":\"WebPage\",\"@id\":\"https:\/\/fundacionvag.org\/es_es\/que-es-la-fundacion-victor-abughattas\/\",\"url\":\"https:\/\/fundacionvag.org\/es_es\/que-es-la-fundacion-victor-abughattas\/\",\"name\":\"\u00bfQu\u00e9 es la Fundaci\u00f3n V\u00edctor Abughattas? - Fundaci\u00f3n V\u00edctor Abughattas\",\"isPartOf\":{\"@id\":\"http:\/\/fundacionvag.org\/es_es\/#website\"},\"datePublished\":\"2023-10-20T09:18:32+00:00\",\"dateModified\":\"2023-10-29T20:25:04+00:00\",\"breadcrumb\":{\"@id\":\"https:\/\/fundacionvag.org\/es_es\/que-es-la-fundacion-victor-abughattas\/#breadcrumb\"},\"inLanguage\":\"en-GB\",\"potentialAction\":[{\"@type\":\"ReadAction\",\"target\":[\"https:\/\/fundacionvag.org\/es_es\/que-es-la-fundacion-victor-abughattas\/\"]}]},{\"@type\":\"BreadcrumbList\",\"@id\":\"https:\/\/fundacionvag.org\/es_es\/que-es-la-fundacion-victor-abughattas\/#breadcrumb\",\"itemListElement\":[{\"@type\":\"ListItem\",\"position\":1,\"name\":\"Portada\",\"item\":\"https:\/\/fundacionvag.org\/\"},{\"@type\":\"ListItem\",\"position\":2,\"name\":\"\u00bfQu\u00e9 es la Fundaci\u00f3n V\u00edctor Abughattas?\"}]},{\"@type\":\"WebSite\",\"@id\":\"http:\/\/fundacionvag.org\/es_es\/#website\",\"url\":\"http:\/\/fundacionvag.org\/es_es\/\",\"name\":\"Fundaci\u00f3n V\u00edctor Abughattas\",\"description\":\"\u201d Ayudas Programadas a Alumnos de Altas Capacidades.\u201d\",\"publisher\":{\"@id\":\"http:\/\/fundacionvag.org\/es_es\/#organization\"},\"potentialAction\":[{\"@type\":\"SearchAction\",\"target\":{\"@type\":\"EntryPoint\",\"urlTemplate\":\"http:\/\/fundacionvag.org\/es_es\/?s={search_term_string}\"},\"query-input\":\"required name=search_term_string\"}],\"inLanguage\":\"en-GB\"},{\"@type\":\"Organization\",\"@id\":\"http:\/\/fundacionvag.org\/es_es\/#organization\",\"name\":\"Fundaci\u00f3n V\u00edctor Abughattas\",\"url\":\"http:\/\/fundacionvag.org\/es_es\/\",\"logo\":{\"@type\":\"ImageObject\",\"inLanguage\":\"en-GB\",\"@id\":\"http:\/\/fundacionvag.org\/es_es\/#\/schema\/logo\/image\/\",\"url\":\"https:\/\/fundacionvag.org\/wp-content\/uploads\/2023\/10\/LOGO-PAG-WEB-texto-scaled.jpg\",\"contentUrl\":\"https:\/\/fundacionvag.org\/wp-content\/uploads\/2023\/10\/LOGO-PAG-WEB-texto-scaled.jpg\",\"width\":2560,\"height\":717,\"caption\":\"Fundaci\u00f3n V\u00edctor Abughattas\"},\"image\":{\"@id\":\"http:\/\/fundacionvag.org\/es_es\/#\/schema\/logo\/image\/\"}}]}<\/script>\n<!-- \/ Yoast SEO plugin. -->","yoast_head_json":{"title":"\u00bfQu\u00e9 es la Fundaci\u00f3n V\u00edctor Abughattas? - Fundaci\u00f3n V\u00edctor Abughattas","robots":{"index":"index","follow":"follow","max-snippet":"max-snippet:-1","max-image-preview":"max-image-preview:large","max-video-preview":"max-video-preview:-1"},"canonical":"https:\/\/fundacionvag.org\/en\/que-es-la-fundacion-victor-abughattas\/","og_locale":"en_GB","og_type":"article","og_title":"\u00bfQu\u00e9 es la Fundaci\u00f3n V\u00edctor Abughattas? - Fundaci\u00f3n V\u00edctor Abughattas","og_description":"Los servicios a disposici\u00f3n del alumnado son voluntarios y gratuitos, en horario extraescolar y no sustituyen al curr\u00edculo oficial. Se trata, m\u00e1s bien, de un acompa\u00f1amiento complementario adaptado a las necesidades de cada persona. Los alumnos trabajar\u00e1n para profundizar a trav\u00e9s de la experimentaci\u00f3n, la investigaci\u00f3n y la creaci\u00f3n. Adem\u00e1s, de favorecer el desarrollo de este sector estudiantil en varias tareas, pensamientos y ambientes de estudio. En el \u00e1mbito de la educaci\u00f3n, cient\u00edfico, tecnol\u00f3gico, art\u00edstico, art\u00edstico-literario y social. Se realizan estas actividades gracias a la financiaci\u00f3n propia, donaciones personales y la colaboraci\u00f3n del sector educativo, industrial, etc.","og_url":"https:\/\/fundacionvag.org\/en\/que-es-la-fundacion-victor-abughattas\/","og_site_name":"Fundaci\u00f3n V\u00edctor Abughattas","article_modified_time":"2023-10-29T20:25:04+00:00","og_image":[{"url":"https:\/\/fundacionvag.org\/wp-content\/uploads\/2023\/10\/NINOS-1024x411.jpg"}],"twitter_card":"summary_large_image","twitter_misc":{"Estimated reading time":"1 minute"},"schema":{"@context":"https:\/\/schema.org","@graph":[{"@type":"WebPage","@id":"https:\/\/fundacionvag.org\/es_es\/que-es-la-fundacion-victor-abughattas\/","url":"https:\/\/fundacionvag.org\/es_es\/que-es-la-fundacion-victor-abughattas\/","name":"\u00bfQu\u00e9 es la Fundaci\u00f3n V\u00edctor Abughattas? - Fundaci\u00f3n V\u00edctor Abughattas","isPartOf":{"@id":"http:\/\/fundacionvag.org\/es_es\/#website"},"datePublished":"2023-10-20T09:18:32+00:00","dateModified":"2023-10-29T20:25:04+00:00","breadcrumb":{"@id":"https:\/\/fundacionvag.org\/es_es\/que-es-la-fundacion-victor-abughattas\/#breadcrumb"},"inLanguage":"en-GB","potentialAction":[{"@type":"ReadAction","target":["https:\/\/fundacionvag.org\/es_es\/que-es-la-fundacion-victor-abughattas\/"]}]},{"@type":"BreadcrumbList","@id":"https:\/\/fundacionvag.org\/es_es\/que-es-la-fundacion-victor-abughattas\/#breadcrumb","itemListElement":[{"@type":"ListItem","position":1,"name":"Portada","item":"https:\/\/fundacionvag.org\/"},{"@type":"ListItem","position":2,"name":"\u00bfQu\u00e9 es la Fundaci\u00f3n V\u00edctor Abughattas?"}]},{"@type":"WebSite","@id":"http:\/\/fundacionvag.org\/es_es\/#website","url":"http:\/\/fundacionvag.org\/es_es\/","name":"Fundaci\u00f3n V\u00edctor Abughattas","description":"\u201d Ayudas Programadas a Alumnos de Altas Capacidades.\u201d","publisher":{"@id":"http:\/\/fundacionvag.org\/es_es\/#organization"},"potentialAction":[{"@type":"SearchAction","target":{"@type":"EntryPoint","urlTemplate":"http:\/\/fundacionvag.org\/es_es\/?s={search_term_string}"},"query-input":"required name=search_term_string"}],"inLanguage":"en-GB"},{"@type":"Organization","@id":"http:\/\/fundacionvag.org\/es_es\/#organization","name":"Fundaci\u00f3n V\u00edctor Abughattas","url":"http:\/\/fundacionvag.org\/es_es\/","logo":{"@type":"ImageObject","inLanguage":"en-GB","@id":"http:\/\/fundacionvag.org\/es_es\/#\/schema\/logo\/image\/","url":"https:\/\/fundacionvag.org\/wp-content\/uploads\/2023\/10\/LOGO-PAG-WEB-texto-scaled.jpg","contentUrl":"https:\/\/fundacionvag.org\/wp-content\/uploads\/2023\/10\/LOGO-PAG-WEB-texto-scaled.jpg","width":2560,"height":717,"caption":"Fundaci\u00f3n V\u00edctor Abughattas"},"image":{"@id":"http:\/\/fundacionvag.org\/es_es\/#\/schema\/logo\/image\/"}}]}},"_links":{"self":[{"href":"https:\/\/fundacionvag.org\/en\/wp-json\/wp\/v2\/pages\/32","targetHints":{"allow":["GET"]}}],"collection":[{"href":"https:\/\/fundacionvag.org\/en\/wp-json\/wp\/v2\/pages"}],"about":[{"href":"https:\/\/fundacionvag.org\/en\/wp-json\/wp\/v2\/types\/page"}],"author":[{"embeddable":true,"href":"https:\/\/fundacionvag.org\/en\/wp-json\/wp\/v2\/users\/1"}],"replies":[{"embeddable":true,"href":"https:\/\/fundacionvag.org\/en\/wp-json\/wp\/v2\/comments?post=32"}],"version-history":[{"count":6,"href":"https:\/\/fundacionvag.org\/en\/wp-json\/wp\/v2\/pages\/32\/revisions"}],"predecessor-version":[{"id":235,"href":"https:\/\/fundacionvag.org\/en\/wp-json\/wp\/v2\/pages\/32\/revisions\/235"}],"wp:attachment":[{"href":"https:\/\/fundacionvag.org\/en\/wp-json\/wp\/v2\/media?parent=32"}],"curies":[{"name":"wp","href":"https:\/\/api.w.org\/{rel}","templated":true}]}}